{"id":12,"date":"2013-07-12T22:12:39","date_gmt":"2013-07-12T20:12:39","guid":{"rendered":"http:\/\/www.maransky.cz\/?page_id=12"},"modified":"2017-12-02T13:34:51","modified_gmt":"2017-12-02T12:34:51","slug":"historie-klubu","status":"publish","type":"page","link":"https:\/\/www.maransky.cz\/?page_id=12","title":{"rendered":"Historie klubu"},"content":{"rendered":"<h1 style=\"text-align: center;\"><strong>Nov\u00e1 \u00e9ra Klubu chovatel\u016f maransek<\/strong><\/h1>\n<p style=\"font-weight: 400;\">&nbsp; &nbsp; &nbsp; &nbsp; &nbsp; Dne 1.10.2016 se za\u010dala ps\u00e1t nov\u00e1 \u00e9ra klubu. Byl zvolen nov\u00fd v\u00fdbor ve slo\u017een\u00ed: p\u0159edseda Holec Ladislav, jednatel Mestekov\u00e1 Jana, pokladn\u00edk Juh\u00e1szov\u00e1 Helena. Tento v\u00fdbor za\u010dal neprodlen\u011b pracovat na odstran\u011bn\u00ed zd\u011bd\u011bn\u00fdch rest\u016f z&nbsp;dob minul\u00fdch. Nov\u00e1 \u00e9ra rovn\u00e1 se nov\u00e9 logo, dal\u0161\u00ed speci\u00e1ln\u00ed klubov\u00e1 v\u00fdstava, vzd\u011bl\u00e1v\u00e1n\u00ed \u010dlen\u016f klubu p\u0159edn\u00edmi posuzovateli \u010cSCH, plemen\u00e1\u0159sk\u00e1 pomoc klubu p\u0159edsedou \u00daOKCHD. Klub za\u010dal navenek chovatelsk\u00e9 ve\u0159ejnosti p\u016fsobit jako obrozen\u00e1 skupina chovatel\u016f, zap\u00e1len\u00e1 do chovu maransek. \u017de klub jde spr\u00e1vn\u00fdm sm\u011brem nasv\u011bd\u010duje zv\u00fd\u0161en\u00fd z\u00e1jem o \u010dlenstv\u00ed v&nbsp;klubu maransek. Je p\u0159ed n\u00e1mi jist\u011b hodn\u011b tvrd\u00e9 pr\u00e1ce, ale pokud d\u00e1me s\u00edly dohromady, tak spole\u010dn\u011b m\u016f\u017eeme ud\u011blat hodn\u011b pro maransku a t\u00edm p\u00e1dem i pro sebe. Zda sm\u011brov\u00e1n\u00ed klubu t\u00edmto v\u00fdborem jde spr\u00e1vn\u00fdm sm\u011brem se uvid\u00ed p\u0159i jarn\u00ed volebn\u00ed sch\u016fzi Klubu chovatel\u016f maransek, kde bude tento v\u00fdbor skl\u00e1dat \u00fa\u010dty.<\/p>\n<p style=\"font-weight: 400; text-align: right;\">P\u0159edseda klubu Ladislav Holec<\/p>\n<hr \/>\n<p style=\"text-align: left;\">&nbsp;29. \u010dervna 2008 byl zalo\u017een jako 24 chovatelsk\u00fd klub n\u00e1\u0161 klub maransek. Do tohoto klubu se p\u0159edem p\u0159ihl\u00e1silo 40 chovatel\u016f. Ustavuj\u00edc\u00ed sch\u016fze se z\u00fa\u010dastnilo 18, z toho jeden ze Slovenska a jeden z Polska. Klub byl zalo\u017een a odsouhlaseny p\u0159edem vypracovan\u00e9 Stanovy. Byl zvolen prozat\u00edmn\u00ed v\u00fdbor : &nbsp;p\u0159edseda, m\u00edstop\u0159edseda, jednatel, plemen\u00e1\u0159 a pokladn\u00edk. D\u00e1le byla zvolena prozat\u00edmn\u00ed revizn\u00ed komise. Pro\u010d &nbsp;prozatimn\u00ed? &nbsp;proto\u017ee zakl\u00e1d\u00e1n\u00ed tohoto klubu bylo netradi\u010dn\u00ed. &nbsp;Kdy\u017e byl zakl\u00e1d\u00e1n jak\u00fdkoliv klub, tak se v\u0161ichni chovatel\u00e9 l\u00e9ta znali a dohodli se, \u017ee pro zkvalitn\u011bn\u00ed plemen\u00e1\u0159sk\u00e9 pr\u00e1ce zalo\u017e\u00ed klub. V na\u0161em p\u0159\u00edpad\u011b byla situace odli\u0161n\u00e1, proto\u017ee jsme se na po\u010d\u00e1tku v\u016fbec nikdo neznal. Proto jsme se vz\u00e1jemn\u011b dohodli, \u017ee zvol\u00edme klub prozatimn\u00ed, kter\u00fd bude pracovat do V\u00fdro\u010dn\u00ed \u010dlensk\u00e9 sch\u016fze a pak bude v\u00fdbor potvrzen, nebo znovu volen.<br \/>\nNa ustavuj\u00edc\u00ed sch\u016fzi bylo odsouhlaseno &#8211; v r\u00e1mci klubu budeme chovat maransky francouzsk\u00e9ho typu a vzhledem k mal\u00e9 chovn\u00e9 z\u00e1kladn\u011b zat\u00edm pouze v barv\u011b m\u011bd\u011bn\u011b\u010dern\u00e9, norm\u00e1ln\u00ed a zdrobn\u011bl\u00fd r\u00e1z.<br \/>\nD\u00e1le bylo dohodnuto, \u017ee \u010dlenem se stane ten kdo bude m\u00edt zaplacen \u010dlensk\u00e1 pod\u00edl a ro\u010dn\u00ed &nbsp;p\u0159\u00edsp\u011bvek. Do klubu nikoho nenut\u00edme, ale p\u0159esv\u011bd\u010dujeme o v\u00fdhod\u00e1ch \u010dlenstv\u00ed.<br \/>\nKlubovou v\u00fdstavu budeme &nbsp;konat ka\u017edoro\u010dn\u011b v polovin\u011b ledna p\u0159i &nbsp;v\u00fdstav\u011b &nbsp;st\u0159edo\u010desk\u00e9ho kraje v Lys\u00e9 nad Labem<br \/>\nNa z\u00e1v\u011br ustavuj\u00edc\u00ed sch\u016fze p\u0159edal prozai\u00edmn\u00ed m\u00edstop\u0159edseda klubu Ing B. Hoor ze Slovenska, nov\u011b zvolen\u00e9mu prozat\u00edmn\u00edmu p\u0159edsedovi Ing.\u0160onkovi &nbsp;sponzorsk\u00fd dar 1.3 zdrobn\u011bl\u00e9 maransky. Ten pod\u011bkoval &nbsp;a z\u0159eknul se jich ve prosp\u011bch mlad\u00e9 chovatelky.<br \/>\n&nbsp; &nbsp; &nbsp; &nbsp; &nbsp; &nbsp; &nbsp; &nbsp; &nbsp; &nbsp; &nbsp; &nbsp; &nbsp; &nbsp; &nbsp; &nbsp; &nbsp; &nbsp; &nbsp; &nbsp; &nbsp; &nbsp; &nbsp; &nbsp; &nbsp; &nbsp; &nbsp; &nbsp; &nbsp; &nbsp; &nbsp; &nbsp; &nbsp; &nbsp; &nbsp; &nbsp; &nbsp; &nbsp; &nbsp; &nbsp; &nbsp; &nbsp; &nbsp; &nbsp; &nbsp; &nbsp; &nbsp; &nbsp; &nbsp; &nbsp; &nbsp; &nbsp; &nbsp; &nbsp; &nbsp; &nbsp; &nbsp; &nbsp; &nbsp; &nbsp; &nbsp; &nbsp; &nbsp;Ing. \u0160onka<\/p>\n<hr \/>\n<p style=\"text-align: left;\">Pamatujete se??? \ud83d\ude42 &nbsp;Toto se doopravdy stalo na historicky prvn\u00ed sch\u016fzi klubu \ud83d\ude00&nbsp;<\/p>\n<p style=\"text-align: left;\">&nbsp;<\/p>\n<p style=\"text-align: left;\">&nbsp;<a href=\"https:\/\/www.maransky.cz\/?attachment_id=1488\" rel=\"attachment wp-att-1488\"><img loading=\"lazy\" decoding=\"async\" class=\"alignleft size-full wp-image-1488\" src=\"https:\/\/www.maransky.cz\/wp-content\/uploads\/2013\/07\/7.htm1_.jpg\" alt=\"\" width=\"637\" height=\"465\" srcset=\"https:\/\/www.maransky.cz\/wp-content\/uploads\/2013\/07\/7.htm1_.jpg 637w, https:\/\/www.maransky.cz\/wp-content\/uploads\/2013\/07\/7.htm1_-300x219.jpg 300w, https:\/\/www.maransky.cz\/wp-content\/uploads\/2013\/07\/7.htm1_-411x300.jpg 411w\" sizes=\"auto, (max-width: 637px) 100vw, 637px\" \/><\/a><\/p>\n<p style=\"text-align: left;\">&nbsp;<\/p>\n","protected":false},"excerpt":{"rendered":"<p>Nov\u00e1 \u00e9ra Klubu chovatel\u016f maransek &nbsp; &nbsp; &nbsp; &nbsp; &nbsp; Dne 1.10.2016 se za\u010dala ps\u00e1t nov\u00e1 \u00e9ra klubu. Byl zvolen nov\u00fd v\u00fdbor ve slo\u017een\u00ed: p\u0159edseda Holec Ladislav, jednatel Mestekov\u00e1 Jana, pokladn\u00edk Juh\u00e1szov\u00e1 Helena. Tento v\u00fdbor za\u010dal neprodlen\u011b pracovat na odstran\u011bn\u00ed &hellip; <a href=\"https:\/\/www.maransky.cz\/?page_id=12\">Cel\u00fd p\u0159\u00edsp\u011bvek <span class=\"meta-nav\">&rarr;<\/span><\/a><\/p>\n","protected":false},"author":1,"featured_media":0,"parent":7,"menu_order":2,"comment_status":"closed","ping_status":"closed","template":"","meta":{"ngg_post_thumbnail":0,"footnotes":""},"class_list":["post-12","page","type-page","status-publish","hentry"],"_links":{"self":[{"href":"https:\/\/www.maransky.cz\/index.php?rest_route=\/wp\/v2\/pages\/12","targetHints":{"allow":["GET"]}}],"collection":[{"href":"https:\/\/www.maransky.cz\/index.php?rest_route=\/wp\/v2\/pages"}],"about":[{"href":"https:\/\/www.maransky.cz\/index.php?rest_route=\/wp\/v2\/types\/page"}],"author":[{"embeddable":true,"href":"https:\/\/www.maransky.cz\/index.php?rest_route=\/wp\/v2\/users\/1"}],"replies":[{"embeddable":true,"href":"https:\/\/www.maransky.cz\/index.php?rest_route=%2Fwp%2Fv2%2Fcomments&post=12"}],"version-history":[{"count":11,"href":"https:\/\/www.maransky.cz\/index.php?rest_route=\/wp\/v2\/pages\/12\/revisions"}],"predecessor-version":[{"id":1949,"href":"https:\/\/www.maransky.cz\/index.php?rest_route=\/wp\/v2\/pages\/12\/revisions\/1949"}],"up":[{"embeddable":true,"href":"https:\/\/www.maransky.cz\/index.php?rest_route=\/wp\/v2\/pages\/7"}],"wp:attachment":[{"href":"https:\/\/www.maransky.cz\/index.php?rest_route=%2Fwp%2Fv2%2Fmedia&parent=12"}],"curies":[{"name":"wp","href":"https:\/\/api.w.org\/{rel}","templated":true}]}}