{"id":14,"date":"2013-07-12T22:14:39","date_gmt":"2013-07-12T20:14:39","guid":{"rendered":"http:\/\/www.maransky.cz\/?page_id=14"},"modified":"2017-03-18T20:13:48","modified_gmt":"2017-03-18T19:13:48","slug":"stanovy","status":"publish","type":"page","link":"https:\/\/www.maransky.cz\/?page_id=14","title":{"rendered":"Stanovy"},"content":{"rendered":"<div id=\"WysiwygCBM_668994Area\">\n<p><strong>\u010cesk\u00fd svaz chovatel\u016f &#8211; Klub chovatel\u016f dr\u016fbe\u017ee maransek<\/strong><br \/>\n<strong> ORGANIZA\u010cN\u00cd \u0158\u00c1D KLUBU<\/strong><\/p>\n<p><strong>Ustavuj\u00edc\u00ed sch\u016fze se konala 29. 6. 2008<\/strong><\/p>\n<p><strong>N\u00e1zev, s\u00eddlo, forma, p\u016fsobnost<\/strong><\/p>\n<ul>\n<li>N\u00e1zev: Klub chovatel\u016f maransek \u010cSCH Praha, zkratka KCHDM<\/li>\n<li>S\u00eddlo:&nbsp;Ma\u0161kova 3, 182 53 Praha 8 &#8211; Kobylisy &nbsp; &nbsp; &nbsp; &nbsp; &nbsp; &nbsp; &nbsp; &nbsp; &nbsp; &nbsp; &nbsp; &nbsp; &nbsp; &nbsp; &nbsp; &nbsp; &nbsp; &nbsp; &nbsp; &nbsp; &nbsp; &nbsp; &nbsp; &nbsp; &nbsp; &nbsp; &nbsp; &nbsp; &nbsp; &nbsp; &nbsp; &nbsp; &nbsp; &nbsp; &nbsp; &nbsp; &nbsp; &nbsp; a) klub je organiza\u010dn\u00ed jednotkou \u010cSCH &nbsp; &nbsp; &nbsp; &nbsp; &nbsp; &nbsp; &nbsp; &nbsp; &nbsp; &nbsp; &nbsp; &nbsp; &nbsp; &nbsp; &nbsp; &nbsp; &nbsp; &nbsp; &nbsp; &nbsp; &nbsp; &nbsp; &nbsp; &nbsp; &nbsp; &nbsp; &nbsp; &nbsp; &nbsp; &nbsp; &nbsp; &nbsp; &nbsp; &nbsp; &nbsp; &nbsp;&nbsp;b) byl ustaven \u00fast\u0159edn\u00ed odborovou komis\u00ed chovatel\u016f dr\u016fbe\u017ee<\/li>\n<li>P\u016fsobnost: klub sdru\u017euje chovatele a p\u0159\u00edznivce chovu dr\u016fbe\u017ee<\/li>\n<li>velk\u00fdch a zdrobn\u00e9l\u00fdch maransek.<\/li>\n<\/ul>\n<p><strong>Posl\u00e1n\u00ed<\/strong><\/p>\n<ul>\n<li>Vytv\u00e1\u0159et podm\u00ednky pro rozvoj chovu dr\u016fbe\u017ee maransek<\/li>\n<li>Zabezpe\u010dovat c\u00edlev\u011bdomou \u0159\u00edzenou plemenitbu, \u0161lecht\u011bn\u00ed, zlep\u0161ov\u00e1n\u00ed u\u017eitkov\u00fdch vlastnost\u00ed a exteri\u00e9ru zv\u00ed\u0159at<\/li>\n<li>Krou\u017ekovat odchovan\u00e1 ku\u0159ata<\/li>\n<li>Po\u0159\u00e1dat speci\u00e1ln\u00ed v\u00fdstavy<\/li>\n<li>Vyd\u00e1vat klubov\u00fd zpravodaj<\/li>\n<\/ul>\n<p><strong>\u0158\u00edd\u00edc\u00ed org\u00e1ny<\/strong><\/p>\n<ul>\n<li>Nejvy\u0161\u0161\u00edm org\u00e1nem klubu je \u010dlensk\u00e1 sch\u016fze,<\/li>\n<li>kter\u00e1 se svol\u00e1v\u00e1 min. 1x ro\u010dn\u011b<\/li>\n<\/ul>\n<p><strong>\u010clensk\u00e9 sch\u016fzi p\u0159\u00edslu\u0161\u00ed:<\/strong><\/p>\n<ul>\n<li>Schvalovat jednac\u00ed \u0159\u00e1d sch\u016fze<\/li>\n<li>Schvalovat stanovy a jejich zm\u011bny<\/li>\n<li>Volit \u010dleny v\u00fdboru<\/li>\n<li>\u0158\u00eddit \u010dinnost v\u00fdboru a odvol\u00e1vat jeho \u010dleny<\/li>\n<li>Kontrolovat usnesen\u00ed p\u0159edchoz\u00ed sch\u016fze<\/li>\n<li>Rozhodovat o k\u00e1rn\u00fdch opat\u0159en\u00edch<\/li>\n<li>Stanovit v\u00fd\u0161e \u010dlensk\u00fdch poplatk\u016f<\/li>\n<\/ul>\n<p><strong>\u010clenstv\u00ed v klubu<\/strong><\/p>\n<ul>\n<li>\u010clenem klubu se m\u016f\u017ee st\u00e1t ka\u017ed\u00fd chovatel, kter\u00fd je \u010dlenem ZO \u010cSCH<\/li>\n<li>\u010cleny mohou b\u00fdt i ob\u010dan\u00e9, kte\u0159\u00ed maj\u00ed z\u00e1jem o chovatelstv\u00ed, i kdy\u017e sami chovateli nejsou<\/li>\n<\/ul>\n<p><strong>Podm\u00ednky pro p\u0159ijet\u00ed za \u010dlena:<\/strong><\/p>\n<ul>\n<li>Zasl\u00e1n\u00ed p\u0159ihl\u00e1\u0161ky<\/li>\n<li>Zaplacen\u00ed klubov\u00fdch p\u0159\u00edsp\u011bvk\u016f<\/li>\n<\/ul>\n<p><strong>Povinnosti \u010dlena:<\/strong><\/p>\n<ul>\n<li>Z\u00e1kladn\u00ed povinnost\u00ed \u010dlena je v\u010dasn\u00e1 \u00fahrada klubov\u00fdch p\u0159\u00edsp\u011bvk\u016f, a todo &nbsp; &nbsp; &nbsp; &nbsp; &nbsp; &nbsp; &nbsp; &nbsp; &nbsp; 28.2. dan\u00e9ho roku<\/li>\n<li>\u0158\u00eddit se stanovami klubu a p\u0159isp\u00edvat k jejich pln\u011bn\u00ed \u2013 krou\u017ekovat mladou dr\u016fbe\u017e prost\u0159ednictv\u00edm plemen\u00e1\u0159e klubu<\/li>\n<li>Vystavovat na klubov\u00fdch v\u00fdstav\u00e1ch<\/li>\n<li>V r\u00e1mci mo\u017enost\u00ed spolupracovat s&nbsp;v\u00fdborem<\/li>\n<\/ul>\n<p><strong>Pr\u00e1va \u010dlena<\/strong><\/p>\n<ul>\n<li>\u00da\u010dastnit se \u010dlensk\u00fdch sch\u016fz\u00ed a hlasovat<\/li>\n<li>Volit a b\u00fdt volen do v\u00fdboru klubu<\/li>\n<li>V\u0161estrann\u011b se \u00fa\u010dastnit \u010dinnosti klubu<\/li>\n<li>Vzn\u00e1\u0161et n\u00e1vrhy, dotazy a st\u00ed\u017enosti a vy\u017eadovat informace o \u010dinnosti hospoda\u0159en\u00ed<\/li>\n<li>Odvol\u00e1vat se proti rozhodnut\u00ed vydan\u00fdm v jeho neprosp\u011bch<\/li>\n<li>Publikovat ve zpravodaji klubu<\/li>\n<\/ul>\n<p><strong>Hospoda\u0159en\u00ed klubu<\/strong><\/p>\n<ul>\n<li>Rozpo\u010det schvaluje \u010dlensk\u00e1 sch\u016fze.<\/li>\n<li>Za pln\u011bn\u00ed rozpo\u010dtu odpov\u00edd\u00e1 \u010dlensk\u00e1 sch\u016fze a pokladn\u00edk, kter\u00fd p\u0159ed\u00e1v\u00e1 zpr\u00e1vu o hospoda\u0159en\u00ed za p\u0159edchoz\u00ed rok ke schv\u00e1len\u00ed.<\/li>\n<li>Z\u00e1kladn\u00edmi p\u0159\u00edjmy jsou klubov\u00e9 p\u0159\u00edsp\u011bvky.<\/li>\n<li>Dal\u0161\u00edm zdrojem jsou sponzorsk\u00e9 dary, dal\u0161\u00ed prost\u0159edky plynou z v\u00fdstav ve vlastn\u00ed re\u017eii a ze spole\u010densk\u00fdch akc\u00ed.<\/li>\n<\/ul>\n<p><strong>Z\u00e1nik klubu<\/strong><\/p>\n<ul>\n<li>Klub zanikne, usnese-li se na tom \u010dlensk\u00e1 sch\u016fze.<\/li>\n<li>Souhlas se z\u00e1nikem mus\u00ed vyslovit nejm\u00e9n\u011b 80% v\u0161ech \u010dlen\u016f klubu.<\/li>\n<\/ul>\n<p><strong>Organiza\u010dn\u00ed \u0159\u00e1d byl schv\u00e1len 29.6.2008<\/strong><\/p>\n<\/div>\n","protected":false},"excerpt":{"rendered":"<p>\u010cesk\u00fd svaz chovatel\u016f &#8211; Klub chovatel\u016f dr\u016fbe\u017ee maransek ORGANIZA\u010cN\u00cd \u0158\u00c1D KLUBU Ustavuj\u00edc\u00ed sch\u016fze se konala 29. 6. 2008 N\u00e1zev, s\u00eddlo, forma, p\u016fsobnost N\u00e1zev: Klub chovatel\u016f maransek \u010cSCH Praha, zkratka KCHDM S\u00eddlo:&nbsp;Ma\u0161kova 3, 182 53 Praha 8 &#8211; Kobylisy &nbsp; &nbsp; &hellip; <a href=\"https:\/\/www.maransky.cz\/?page_id=14\">Cel\u00fd p\u0159\u00edsp\u011bvek <span class=\"meta-nav\">&rarr;<\/span><\/a><\/p>\n","protected":false},"author":1,"featured_media":0,"parent":7,"menu_order":3,"comment_status":"closed","ping_status":"closed","template":"","meta":{"ngg_post_thumbnail":0,"footnotes":""},"class_list":["post-14","page","type-page","status-publish","hentry"],"_links":{"self":[{"href":"https:\/\/www.maransky.cz\/index.php?rest_route=\/wp\/v2\/pages\/14","targetHints":{"allow":["GET"]}}],"collection":[{"href":"https:\/\/www.maransky.cz\/index.php?rest_route=\/wp\/v2\/pages"}],"about":[{"href":"https:\/\/www.maransky.cz\/index.php?rest_route=\/wp\/v2\/types\/page"}],"author":[{"embeddable":true,"href":"https:\/\/www.maransky.cz\/index.php?rest_route=\/wp\/v2\/users\/1"}],"replies":[{"embeddable":true,"href":"https:\/\/www.maransky.cz\/index.php?rest_route=%2Fwp%2Fv2%2Fcomments&post=14"}],"version-history":[{"count":7,"href":"https:\/\/www.maransky.cz\/index.php?rest_route=\/wp\/v2\/pages\/14\/revisions"}],"predecessor-version":[{"id":934,"href":"https:\/\/www.maransky.cz\/index.php?rest_route=\/wp\/v2\/pages\/14\/revisions\/934"}],"up":[{"embeddable":true,"href":"https:\/\/www.maransky.cz\/index.php?rest_route=\/wp\/v2\/pages\/7"}],"wp:attachment":[{"href":"https:\/\/www.maransky.cz\/index.php?rest_route=%2Fwp%2Fv2%2Fmedia&parent=14"}],"curies":[{"name":"wp","href":"https:\/\/api.w.org\/{rel}","templated":true}]}}