{"id":1531,"date":"2017-07-01T11:54:28","date_gmt":"2017-07-01T09:54:28","guid":{"rendered":"http:\/\/www.maransky.cz\/?page_id=1531"},"modified":"2017-08-27T19:28:01","modified_gmt":"2017-08-27T17:28:01","slug":"ukazky-hodnoceni-vad-posuzovatelem","status":"publish","type":"page","link":"https:\/\/www.maransky.cz\/?page_id=1531","title":{"rendered":"Uk\u00e1zky hodnocen\u00ed vad posuzovatelem"},"content":{"rendered":"ngg_shortcode_0_placeholder\n<p>&nbsp;<\/p>\n<hr \/>\n<h2><strong>Za spolupr\u00e1ci d\u011bkujeme p\u0159. J. Vilhelmovi<\/strong><\/h2>\n<hr \/>\nngg_shortcode_1_placeholder\n<p><strong>Vady<\/strong>: Del\u0161\u00ed laloky, dvozub, prol\u00e1kl\u00fd, v\u00fd\u0161e nesen\u00fd ocas (skoro kolmo), krat\u0161\u00ed trup<\/p>\n<p><strong>Klady<\/strong>: Barva obli\u010deje a oka,&nbsp;Ope\u0159en\u00ed b\u011bh\u00e1k\u016f, \u0161\u00ed\u0159e a hloubka trupu<\/p>\n<hr \/>\nngg_shortcode_2_placeholder\n<p><strong>Vady<\/strong>: Ne\u017e\u00e1douc\u00ed kresba na prsou, dvojzuby, slab\u00e9 ope\u0159en\u00ed b\u011bh\u00e1k\u016f, sv\u011btlej\u0161\u00ed o\u010di, struktura pe\u0159\u00ed v kr\u010d. z\u00e1v\u011bsu<\/p>\n<p><strong>Klady<\/strong>: \u0160\u00ed\u0159e a hloubka trupu, nasazen\u00ed ocasu<\/p>\n<hr \/>\nngg_shortcode_3_placeholder\n<p><strong>Vady<\/strong>:&nbsp;Dvojzub, sv\u011btlej\u0161\u00ed oko, kolmo nesen\u00fd ocas, kr\u00e1tk\u00fd trup,&nbsp;m\u00edrn\u011b zvedl\u00fd praporek, slab\u0161\u00ed ope\u0159en\u00ed b\u011bh\u00e1k\u016f<\/p>\n<p><strong>Klady<\/strong>:&nbsp;Tvar lalok\u016f, barva obli\u010deje, lesk<\/p>\n<hr \/>\nngg_shortcode_4_placeholder\n<p><strong>Vady<\/strong>:&nbsp;Siln\u011b esovit\u00fd, netypick\u00fd, v\u00edce ochm\u00fd\u0159en\u00fd obli\u010dej<\/p>\n<p><strong>Klady<\/strong>:&nbsp;Barva oka a obli\u010deje<\/p>\n<hr \/>\nngg_shortcode_5_placeholder\n<p><strong>Vady<\/strong>:&nbsp;Sv\u011btlej\u0161\u00ed oko, prol\u00e1kl\u00fd h\u0159eben, m\u00edrn\u00e9 prob\u011blen\u00ed u\u0161nice,&nbsp;esovit\u00fd u ko\u0159ene, rozhozen\u00e9 zuby h\u0159ebene, v&nbsp;p\u0159edn\u00ed \u010d\u00e1sti bez \u0159ez\u00e1n\u00ed zub\u016f<\/p>\n<p><strong>Klady<\/strong>:&nbsp;Tvar lalok\u016f, barva obli\u010deje a \u0159ez\u00e1n\u00ed zub\u016f h\u0159ebene<\/p>\n<hr \/>\nngg_shortcode_6_placeholder\n<p><strong>Vady<\/strong>:&nbsp;Sv\u011btlej\u0161\u00ed oko a obli\u010dej, m\u00edrn\u00e9 prob\u011blen\u00ed u\u0161nice, nepravideln\u00fd a prol\u00e1kl\u00fd h\u0159eben<\/p>\n<p><strong>Klady<\/strong>:&nbsp;Tvar lalok\u016f, \u0159ez\u00e1n\u00ed a nesen\u00ed h\u0159ebene<\/p>\n<hr \/>\nngg_shortcode_7_placeholder\n<p><strong>Vady<\/strong>: Slab\u0161\u00ed ope\u0159en\u00ed b\u011bh\u00e1k\u016f, z\u00e1b\u011bl<\/p>\n<hr \/>\nngg_shortcode_8_placeholder\n<p><strong>Vady<\/strong>:&nbsp;Nehotov\u00e9 oko a zat\u00edm slab\u0161\u00ed pohlavn\u00ed v\u00fdraz, rozpe\u0159en v kr\u010dn\u00edm z\u00e1v\u011bsu<\/p>\n<p><strong>Klady<\/strong>:&nbsp;Tvar a barva lalok\u016f, tvar h\u0159ebene<\/p>\n<hr \/>\nngg_shortcode_9_placeholder\n<p><strong>Vady<\/strong>:&nbsp;Del\u0161\u00ed laloky &#8211; m\u00edrn\u011b kornoutovit\u00e9, prol\u00e1kl\u00fd h\u0159eben, men\u0161\u00ed hloubka \u0159ez\u00e1n\u00ed zub\u016f<\/p>\n<p><strong>Klady<\/strong>:&nbsp;Barva oka a obli\u010deje<\/p>\n<hr \/>\nngg_shortcode_10_placeholder\n<p><strong>Vady<\/strong>:&nbsp;Dvozub<\/p>\n<p><strong>Klady<\/strong>:&nbsp;Barva oka<\/p>\n<hr \/>\nngg_shortcode_11_placeholder\n<p><strong>Vady<\/strong>:&nbsp;Dva trojzuby na h\u0159ebeni, sv\u011btlej\u0161\u00ed obli\u010dej, m\u00edrn\u011b del\u0161\u00ed hlava<\/p>\n<p><strong>Klady<\/strong>: Barva oka<\/p>\n<hr \/>\nngg_shortcode_12_placeholder\n<p><strong>Vady<\/strong>:&nbsp;Zdvojen\u00e9 pero&nbsp;<\/p>\n<hr \/>\nngg_shortcode_13_placeholder\n<p><strong>Vady<\/strong>:&nbsp;Neucelen\u00fd praporek, v p\u0159edn\u00ed \u010d\u00e1sti m\u00e9n\u011b \u0159ezan\u00fd<\/p>\n<p><strong>Klady<\/strong>:&nbsp;Barva oka<\/p>\n<hr \/>\nngg_shortcode_14_placeholder\n<p><strong>Vady<\/strong>: M\u00edrn\u011b prob\u011blen\u00e1 u\u0161n\u00edce, prol\u00e1kl\u00fd a hrub\u0161\u00ed h\u0159eben, dvojzub,&nbsp;men\u0161\u00ed hloubka \u0159ez\u00e1n\u00ed zub\u016f<\/p>\n<p><strong>Klady<\/strong>: velmi dobr\u00e1 barva o\u010d\u00ed a obli\u010deje, velikost hlavy, tvar lalok\u016f a u\u0161nice<\/p>\n","protected":false},"excerpt":{"rendered":"<p>&#8220; order_by=&#8220;sortorder&#8220; order_direction=&#8220;ASC&#8220; returns=&#8220;included&#8220; maximum_entity_count=&#8220;500&#8243;] &nbsp; Za spolupr\u00e1ci d\u011bkujeme p\u0159. J. Vilhelmovi &#8220; order_by=&#8220;sortorder&#8220; order_direction=&#8220;ASC&#8220; returns=&#8220;included&#8220; maximum_entity_count=&#8220;20&#8243;] Vady: Del\u0161\u00ed laloky, dvozub, prol\u00e1kl\u00fd, v\u00fd\u0161e nesen\u00fd ocas (skoro kolmo), krat\u0161\u00ed trup Klady: Barva obli\u010deje a oka,&nbsp;Ope\u0159en\u00ed b\u011bh\u00e1k\u016f, \u0161\u00ed\u0159e a hloubka trupu &#8220; &hellip; <a href=\"https:\/\/www.maransky.cz\/?page_id=1531\">Cel\u00fd p\u0159\u00edsp\u011bvek <span class=\"meta-nav\">&rarr;<\/span><\/a><\/p>\n","protected":false},"author":1,"featured_media":0,"parent":35,"menu_order":0,"comment_status":"closed","ping_status":"closed","template":"","meta":{"ngg_post_thumbnail":0,"footnotes":""},"class_list":["post-1531","page","type-page","status-publish","hentry"],"_links":{"self":[{"href":"https:\/\/www.maransky.cz\/index.php?rest_route=\/wp\/v2\/pages\/1531","targetHints":{"allow":["GET"]}}],"collection":[{"href":"https:\/\/www.maransky.cz\/index.php?rest_route=\/wp\/v2\/pages"}],"about":[{"href":"https:\/\/www.maransky.cz\/index.php?rest_route=\/wp\/v2\/types\/page"}],"author":[{"embeddable":true,"href":"https:\/\/www.maransky.cz\/index.php?rest_route=\/wp\/v2\/users\/1"}],"replies":[{"embeddable":true,"href":"https:\/\/www.maransky.cz\/index.php?rest_route=%2Fwp%2Fv2%2Fcomments&post=1531"}],"version-history":[{"count":15,"href":"https:\/\/www.maransky.cz\/index.php?rest_route=\/wp\/v2\/pages\/1531\/revisions"}],"predecessor-version":[{"id":1631,"href":"https:\/\/www.maransky.cz\/index.php?rest_route=\/wp\/v2\/pages\/1531\/revisions\/1631"}],"up":[{"embeddable":true,"href":"https:\/\/www.maransky.cz\/index.php?rest_route=\/wp\/v2\/pages\/35"}],"wp:attachment":[{"href":"https:\/\/www.maransky.cz\/index.php?rest_route=%2Fwp%2Fv2%2Fmedia&parent=1531"}],"curies":[{"name":"wp","href":"https:\/\/api.w.org\/{rel}","templated":true}]}}