{"id":25,"date":"2013-07-12T22:18:06","date_gmt":"2013-07-12T20:18:06","guid":{"rendered":"http:\/\/www.maransky.cz\/?page_id=25"},"modified":"2019-11-03T17:29:02","modified_gmt":"2019-11-03T16:29:02","slug":"barevne-razy","status":"publish","type":"page","link":"https:\/\/www.maransky.cz\/?page_id=25","title":{"rendered":"Barevn\u00e9 r\u00e1zy"},"content":{"rendered":"<h1 style=\"text-align: justify;\">&nbsp;<\/h1>\n<p style=\"text-align: justify;\"><strong>\u010cern\u00e9 m\u011bd\u011bn\u011bkrk\u00e9&nbsp;<\/strong><span style=\"color: #000000;\">(Vari\u00e9t\u00e9 Noir&nbsp;\u00e0 camail cuivr\u00e9) (K 255)<\/span><span style=\"font-weight: 300; text-align: justify;\">&nbsp;<\/span><\/p>\n<p>ngg_shortcode_0_placeholder<strong>Kohout:<\/strong> Z\u00e1kladn\u00ed barva je \u010dern\u00e1; v\u0161echny kresebn\u00e9 znaky p\u0159ipom\u00ednaj\u00ed odst\u00ednem a v\u00fdrazn\u00fdm leskem zbarven\u00ed m\u011bdi; hlava je m\u011bd\u011bn\u011b zlatohn\u011bd\u00e1, n\u011bkdy pon\u011bkud prom\u00ed\u0161en\u00e1 barvou \u010dernou; kr\u010dn\u00ed z\u00e1v\u011bs je m\u011bd\u011bn\u011b zlatohn\u011bd\u00fd s&nbsp;\u010dernou stvolovou kresbou; z\u00e1da a vrchn\u00ed \u010d\u00e1st \u0161t\u00edt\u016f k\u0159\u00eddel jsou m\u011bd\u011bn\u011b \u010dervenohn\u011bd\u00e9, v\u011bt\u0161inou pon\u011bkud prom\u00ed\u0161en\u00e9 barvou \u010dernou; sedlov\u00fd z\u00e1v\u011bs je m\u011bd\u011bn\u011b zlatohn\u011bd\u00fd s \u010dernou stvolovou kresbou; ostatn\u00ed ope\u0159en\u00ed je \u010dern\u00e9.Podsada je tmav\u011b \u0161ed\u00e1 a\u017e \u0161edo\u010dern\u00e1<\/p>\n<p><strong>Slepice:<\/strong> Z\u00e1kladn\u00ed barva je \u010dern\u00e1; hlava je \u010dern\u00e1; kr\u010dn\u00ed z\u00e1v\u011bs je m\u011bd\u011bn\u011b zlatohn\u011bd\u00fd s&nbsp;bohatou \u010dernou stvolovou kresbou; ojedin\u011bl\u00e1 \u010dern\u00e1 nebo m\u011bd\u011bn\u011b zlatohn\u011bd\u00e1 p\u00edrka v kr\u010d\u00edm z\u00e1v\u011bsu se p\u0159ipou\u0161t\u00ed; ostatn\u00ed ope\u0159en\u00ed je \u010dern\u00e9. Podsada je tmav\u011b \u0161ed\u00e1 a\u017e \u0161edo\u010dern\u00e1.<\/p>\n<p><em><strong>VV<\/strong>: Sv\u011btlej\u0161\u00ed zlato\u017elut\u00fd nebo naopak tmav\u0161\u00ed \u010dervenohn\u011bd\u00fd odst\u00edn kresby bez m\u011bd\u011bn\u00e9ho lesku<\/em><em>; m\u011bd\u011bn\u011b hn\u011bd\u00e1 kresba na prsou a boc\u00edch ve v\u011bt\u0161\u00edm rozsahu; p\u0159\u00edm\u011bs hn\u011bd\u00e9 barvy v ocase; podb\u011blen\u00e1 podsada, u slepice p\u0159\u00edm\u011bs hn\u011bd\u00e9 barvy v horn\u00ed \u010d\u00e1sti pl\u00e1\u0161t\u011b.<\/em><\/p>\n<p style=\"text-align: justify;\">Jedn\u00e1 se o nejv\u00edce roz\u0161\u00ed\u0159en\u00fd barevn\u00fd r\u00e1z v \u010cR.<\/p>\n<hr \/>\n<p style=\"text-align: justify;\"><strong>\u010cern\u00e9 st\u0159\u00edbrokrk\u00e9<\/strong>&nbsp;(Vari\u00e9t\u00e9 Noir&nbsp;\u00e0 camail argent\u00e9) (K 097)<\/p>\nngg_shortcode_1_placeholder\n<p style=\"text-align: justify;\"><strong>Kohout<\/strong>: Stejn\u00fd jako \u010dern\u00fd m\u011bd\u011bn\u011bkrk\u00fd, jen m\u011bd\u011bn\u00e1 barva je nahrazena barvou st\u0159\u00edb\u0159itou.<\/p>\n<p style=\"text-align: justify;\"><strong>Slepice<\/strong>: Stejn\u00e1 jako \u010dern\u00e1 m\u011bd\u011bn\u011bkrk\u00e1, jen m\u011bd\u011bn\u00e1 barva je nahrazena barvou st\u0159\u00edb\u0159itou.<\/p>\n<p style=\"text-align: justify;\">V klubu ji\u017e m\u00e1me chovatele tohoto barevn\u00e9ho r\u00e1zu.<\/p>\n<hr \/>\n<p><strong>Modr\u00e9 m\u011bd\u011bn\u011bkrk\u00e9<\/strong>&nbsp;(Vari\u00e9t\u00e9 Bleu&nbsp;\u00e0 camail cuivr\u00e9)<\/p>\nngg_shortcode_2_placeholder\n<p style=\"text-align: justify;\"><strong>Kohout<\/strong>: Stejn\u00fd jako \u010dern\u00fd m\u011bd\u011bn\u011bkrk\u00fd, jen \u010dern\u00e1 barva je nahrazena barvou modrou.<\/p>\n<p style=\"text-align: justify;\"><strong>Slepice<\/strong>: Stejn\u00e1 jako \u010dern\u00e1 m\u011bd\u011bn\u011bkrk\u00e1, jen \u010dern\u00e1 barva je nahrazena barvou modrou.<\/p>\n<p>Chovem tohoto barevn\u00e9ho r\u00e1zu v dobr\u00e9 kvalit\u011b&nbsp;se v\u011bnuje n\u011bkolik \u010dlen\u016f klubu.<\/p>\n<hr \/>\n<p><strong>Modr\u00e9 st\u0159\u00edbrokrk\u00e9&nbsp;<\/strong>(K 101)<\/p>\nngg_shortcode_3_placeholder\n<p style=\"text-align: justify;\"><strong>Kohout<\/strong>: Stejn\u00fd jako \u010dern\u00fd st\u0159\u00edbrokrk\u00fd, jen \u010dern\u00e1 barva je nahrazena barvou modrou.<\/p>\n<p style=\"text-align: justify;\"><strong>Slepice<\/strong>: Stejn\u00e1 jako \u010dern\u00e1 st\u0159\u00edbrokrk\u00e1, jen \u010dern\u00e1 barva je nahrazena barvou modrou.<\/p>\n<p>V klubu ji\u017e m\u00e1me chovatele tohoto barevn\u00e9ho r\u00e1zu.<\/p>\n<hr \/>\n<p><strong>Modr\u00e9 <\/strong>(K 239)<\/p>\n<p><strong>Kohout<\/strong>: Jednotn\u00e9 \u0161edomodr\u00e9 zbarven\u00ed. Ojedin\u011bl\u00e9 \u010dern\u00e9 pep\u0159en\u00ed je p\u0159\u00edpustn\u00e9. Z\u00e1da, \u0161t\u00edty k\u0159\u00eddel a ocas jsou v m\u00edrn\u011b tmav\u0161\u00edm t\u00f3nu a kr\u010dn\u00ed a sedlov\u00fd z\u00e1v\u011bs jsou tmav\u00e9 a\u017e modro\u010dern\u00e9. Podsada je \u0161edomodr\u00e1, u plemen se \u017elutou k\u016f\u017e\u00ed je p\u0159\u00edpustn\u00e1 i \u010d\u00e1st\u011b\u010dn\u011b b\u00edl\u00e1 b\u00edl\u00e1, nesm\u00ed v\u0161ak prostupovat na povrch kryc\u00edho pe\u0159\u00ed.&nbsp;<\/p>\n<p><strong>Slepice<\/strong>: Jednotn\u00e9 \u0161edomodr\u00e9 zbarven\u00ed. Podsada je \u0161edomodr\u00e1.<\/p>\n<p><strong>VV<\/strong>: Nejednotn\u00fd, za\u017eloutl\u00fd, zahn\u011bdl\u00fd, nebo rziv\u00fd odst\u00edn; \u010dern\u00e9 skrvny ve velk\u00e9m rozsahu; n\u00e1znak tmav\u00e9ho nebo \u010dern\u00e9ho lemov\u00e1n\u00ed; u kohouta chyb\u011bj\u00edc\u00ed v\u00fdrazn\u011b tmav\u0161\u00ed odst\u00edn kr\u010dn\u00edho a sedlov\u00e9ho z\u00e1v\u011bsu; b\u00edl\u00e1 podsada u plemen s b\u00edlou k\u016f\u017e\u00ed, prostupuj\u00edc\u00ed b\u00edl\u00e1 podsada u plemen se \u017elutou k\u016f\u017e\u00ed; u slepice b\u00edl\u00e1 podsada.<\/p>\n<p>O jeho v\u00fdskytu v \u010cR nem\u00e1me \u017e\u00e1dn\u00e9 informace.<\/p>\n<hr \/>\n<p><strong>P\u0161eni\u010dn\u00e9<\/strong>&nbsp;(Vari\u00e9t\u00e9 Froment) (K 084)<\/p>\n<p>ngg_shortcode_4_placeholder<strong>Kohout<\/strong>: Hlava \u010dervenohn\u011bd\u00e1; kr\u010dn\u00ed z\u00e1v\u011bs,sedlov\u00fd z\u00e1v\u011bs zlatohn\u011bd\u00fd; ramena, z\u00e1da a \u0161t\u00edty k\u0159\u00eddel \u010derven\u00e9, na \u0161t\u00edtech k\u0159\u00eddel p\u0159\u00ed\u010dn\u011b \u010dern\u00e9 kovov\u011b leskl\u00e9 zrcadlo; prsa, b\u0159icho a holen\u011b \u010dern\u00e9; ru\u010dn\u00ed letky jsou \u010dern\u00e9 s hn\u011bdo\u010derven\u00fdm okrajem vn\u011bj\u0161\u00edho praporu; loketn\u00ed letky maj\u00ed vnit\u0159n\u00ed prapory \u010dern\u00e9, vn\u011bj\u0161\u00ed hn\u011bdo\u010derven\u00fd; ocas je \u010dern\u00fd se zelen\u00fdm leskem.<\/p>\n<p><strong>Slepice<\/strong>: Hlava hn\u011bdo\u010derven\u00e1; kr\u010dn\u00ed z\u00e1v\u011bs hn\u011bdo\u010derven\u00fd, \u010dasto s n\u00e1znakem \u010dern\u00e9 stvolov\u00e9 kresby; z\u00e1da, \u0161t\u00edty k\u0159\u00eddel, sedlo a kryt ocasu jsou p\u0161eni\u010dn\u011b zbarven\u00e9, jednotliv\u00e1 pera maj\u00ed sv\u011btl\u00e9 ostny a b\u011blav\u00e9 lemy; prsa, b\u0159icho a holen\u011b jsou smetanov\u011b b\u00edl\u00e9, n\u011bkdy a\u017e sv\u011btle p\u0161eni\u010dn\u011b zbarven\u00e9; vnit\u0159n\u00ed prapory ru\u010dn\u00edch i loketn\u00edch letek jsou \u010dern\u00e9 nebo \u0161edo\u010dern\u00e9, vn\u011bj\u0161\u00ed p\u0161eni\u010dn\u011b zbarven\u00e9 s jemn\u00fdm pep\u0159en\u00edm; ocas je \u010dern\u00fd nebo \u0161edo\u010dern\u00fd s bohat\u00fdm hn\u011bd\u00fdm pep\u0159en\u00edm.<\/p>\n<p><strong>VV<\/strong>: U kohouta v\u00fdrazn\u00e1 hn\u011bd\u00e1 kresba na prsou a holen\u00edch. U slepice celkov\u011b tmav\u00e9, hn\u011bd\u00e9 zbarven\u00ed; t\u00e9m\u011b\u0159 b\u00edl\u00e9 letky.<\/p>\n<p>V klubu ji\u017e m\u00e1me chovatele tohoto barevn\u00e9ho r\u00e1zu.<\/p>\n<hr \/>\n<p><strong>Krahujcov\u00e9<\/strong>&nbsp;(Vari\u00e9t\u00e9 Coucou \u00e0 camail argent\u00e9) (K 231)<\/p>\n<p><strong>Kohout<\/strong>: Zbarven\u00ed ve\u0161ker\u00e9ho ope\u0159en\u00ed p\u0159ipom\u00ednaj\u00edc\u00ed prsn\u00ed kresbu dravc\u016f krahujce nebo jest\u0159\u00e1ba. Jednotliv\u00e1 pera maj\u00ed \u010dernou z\u00e1kladn\u00ed barvu p\u0159eru\u0161enou hrub\u00fdmi p\u0159\u00ed\u010dn\u00fdmi \u0161edob\u00edl\u00fdmi prou\u017eky. Tyto prou\u017eky nejsou rovn\u00e9, ale jsou prohnut\u00e9 sm\u011brem ke spi\u010dce pera a prob\u00edhaj\u00ed soub\u011b\u017en\u011b po cel\u00e9 plo\u0161e pera, v\u010detn\u011b podsady. Jejich po\u010det je odvisl\u00fd od d\u00e9lky pera. \u0160\u00ed\u0159ka \u010dern\u00fdch a \u0161edob\u00edl\u00fdch prou\u017ek\u016f je p\u0159ibli\u017en\u011b stejn\u00e1 a \u0161pi\u010dky jednotliv\u00fdch per jsou v z\u00e1kladn\u00ed \u010dern\u00e9 barv\u011b. Obdobn\u011b zbarven\u00e9 jsou i letky, rejdov\u00e1ky a srpy.<\/p>\n<p><strong>Slepice<\/strong>: Zbarven\u00ed je shodn\u00e9 s kohoutem, rozd\u00edl je v\u0161ak v tom \u017ee \u010dern\u00e9 prou\u017eky jsou 2x \u0161ir\u0161\u00ed ne\u017e prou\u017eky \u0161edob\u00edl\u00e9 a proto se slepice na prvn\u00ed pohled jev\u00ed tmav\u0161\u00ed ne\u017e kohout.<br \/>\nO jeho chovu v \u010cR nem\u00e1me \u017e\u00e1dn\u00e9 informace.<\/p>\n<hr \/>\n<p><strong>\u010cern\u00e9<\/strong>&nbsp;(Vari\u00e9t\u00e9 Noir-uni) (K 238)<\/p>\n<p><strong>Kohout<\/strong>: Jednotn\u00e9 syt\u011b \u010dern\u00e9 zbarven\u00ed se zelen\u00fdm leskem, kter\u00fd je v\u00fdrazn\u011bj\u0161\u00ed zejm\u00e9na v z\u00e1v\u011bsech, ocase, na z\u00e1dech a \u0161t\u00edtech k\u0159\u00eddel; podsada je \u010dern\u00e1 a\u017e \u0161edo\u010dern\u00e1&nbsp;<\/p>\n<p><strong>Slepice<\/strong>: Zbarven\u00ed je shodn\u00e9 s kohoutem, pe\u0159\u00ed m\u00e1 v\u0161ak pon\u011bkud m\u00e9n\u011b lesku; podsada je \u010dern\u00e1 a\u017e \u0161edo\u010dern\u00e1&nbsp;<\/p>\n<p><strong>VV<\/strong>: Jak\u00e1koliv jin\u00e1 ne\u017e \u010dern\u00e1 barva per; plo\u0161n\u00fd fialov\u00fd lesknebo fialov\u00e9 pruhov\u00e1n\u00ed; sv\u011btl\u00e9 ostny per, b\u00edl\u00e1 podsada<br \/>\nO jeho chovu v \u010cR nem\u00e1me \u017e\u00e1dn\u00e9 informace.<\/p>\n<hr \/>\n<p><strong>M\u011bd\u011bn\u011b \u010derven\u00e9<\/strong>&nbsp;(Vari\u00e9t\u00e9 Fauve acajou \u00e0 queue noire) (K 141)<\/p>\n<p>ngg_shortcode_5_placeholder<strong>Kohout<\/strong>: Z\u00e1kladn\u00ed barva je zlatohn\u011bd\u00e1, kresba je \u010dern\u00e1; hlava je zlatohn\u011bd\u00e1; kr\u010dn\u00ed z\u00e1v\u011bs je zlatohn\u011bd\u00fd, v horn\u00ed \u010d\u00e1sti tmav\u0161\u00ed v doln\u00ed sv\u011btlej\u0161\u00ed, s jemnou \u010dernou stvolovou kresbou, kter\u00e1 je v ide\u00e1ln\u00edm p\u0159\u00edpad\u011b pouze na nejspodn\u011bj\u0161\u00ed \u0159ad\u00e1ch per a nesm\u00ed tedy zasahovat p\u0159\u00edli\u0161 vysoko na krk; sedlov\u00fd z\u00e1v\u011bs je rovn\u011b\u017e zlatohn\u011bd\u00fd, ale pon\u011bkud tmav\u0161\u00ed ne\u017e kr\u010dn\u00ed a bez stvolov\u00e9 kresby; z\u00e1da a svrchn\u00ed \u010d\u00e1st \u0161t\u00edt\u016f k\u0159\u00eddel jsou leskle tmav\u011b \u010dervenohn\u011bd\u00e9; ru\u010dn\u00ed letky jsou hn\u011bd\u00e9, na vn\u011bj\u0161\u00edch praporech pod\u00e9l ostn\u016f \u010dern\u011b kreslen\u00e9; loketn\u00ed letky jsou na vn\u011bj\u0161\u00edch praporech hn\u011bd\u00e9, na vnit\u0159n\u00edch p\u0159ev\u00e1\u017en\u011b \u010dern\u00e9; br\u010dice jsou hn\u011bd\u00e9, \u010dern\u011b kreslen\u00e9; rejdov\u00e1ky jsou \u010dern\u00e9, velk\u00e9 srpy jsou \u010dern\u00e9 se zelen\u00fdm leskem, hn\u011bd\u00e9 lemov\u00e1n\u00ed je p\u0159\u00edpustn\u00e9, mal\u00e9 srpy jsou rovn\u011b\u017e \u010dern\u00e9, na konci hn\u011bd\u011b lemovan\u00e9; podsada je lososov\u00e1, za\u0161edl\u00e1 je p\u0159\u00edpustn\u00e1; ostatn\u00ed ope\u0159en\u00ed je st\u0159edn\u011b hn\u011bd\u00e9; d\u016fle\u017eit\u00fdm znakem tohoto r\u00e1zu je barevn\u00e9 odstup\u0148ov\u00e1n\u00ed horn\u00ed \u010d\u00e1sti pl\u00e1\u0161t\u011b, kde je nejsv\u011btlej\u0161\u00ed kr\u010dn\u00ed z\u00e1v\u011bs, pon\u011bkud tmav\u0161\u00ed sedlov\u00fd z\u00e1v\u011bs a je\u0161t\u011b tmav\u0161\u00ed z\u00e1da a svrchn\u00ed \u010d\u00e1st \u0161t\u00edtu k\u0159\u00eddel &#8211; jednotn\u00e9, neodstup\u0148ovan\u00e9, zbarven\u00ed t\u011bchto t\u0159\u00ed parti\u00ed je pova\u017eov\u00e1no za velkou vadu.<\/p>\n<p><strong>Slepice<\/strong>: Zbarven\u00ed je t\u00e9m\u011b\u0159 shodn\u00e9 s kohoutem; z\u00e1kladn\u00ed zlatohn\u011bd\u00e1 barva je v\u0161ak jednotn\u00e9ho odst\u00ednu, jen kr\u010dn\u00ed z\u00e1v\u011bs je sv\u011btlej\u0161\u00ed se zlatav\u00fdm leskem; rozd\u00edly jsou tak\u00e9 u kr\u010dn\u00ed kresby, kter\u00e1 je v\u00fdrazn\u011b bohat\u0161\u00ed a na krku dosahuje v\u00fd\u0161e, p\u0159ibli\u017en\u011b do poloviny; ru\u010dn\u00ed letky jsou v\u011bt\u0161inou o n\u011bco m\u00e1lo kreslen\u00e9; u vrchn\u00edch rejdov\u00e1k\u016f je p\u0159\u00edpustn\u00fd koncov\u00fd hn\u011bd\u00fd lem.&nbsp;<\/p>\n<p><strong>VV<\/strong>: U kohouta i slepice siln\u011b nevyrovnan\u00e1, \u017elut\u00e1, \u010derven\u00e1 nebo skvrnit\u00e1 barva; veli slab\u00e1 kresba v kr\u010dn\u00edm z\u00e1v\u011bsu, v ocase a br\u010dic\u00edch; zcela \u0161ed\u00e1 podsada; \u010dern\u00e9 skvrny nebo v\u011bt\u0161\u00ed pep\u0159en\u00ed na viditeln\u00fdch \u010d\u00e1stech k\u0159\u00eddeln\u00edch krovek; u kohouta kresba v sedlov\u00e9m z\u00e1v\u011bsu; \u010dern\u00e9 skvrny v zadn\u00ed \u010d\u00e1sti bok\u016f nebo ocasem; vemi slab\u00e1 kresba v ru\u010dn\u00edch letk\u00e1ch; barevn\u011b neodstup\u0148ovan\u00e9 zbarven\u00ed parti\u00ed kr\u010dn\u00edho z\u00e1v\u011bsu, sedlov\u00e9ho z\u00e1v\u011bsu a zad a svrchn\u00ed \u010d\u00e1sti \u0161t\u00edt\u016f k\u0159\u00eddel.&nbsp;<\/p>\n<p>V klubu ji\u017e m\u00e1me chovatele tohoto barevn\u00e9ho r\u00e1zu.<\/p>\n<hr \/>\n<p><strong>B\u00edl\u00e9<\/strong>&nbsp;(Vari\u00e9t\u00e9 Blanche) (K 242)<span style=\"font-weight: 300;\">&nbsp;<\/span><\/p>\nngg_shortcode_6_placeholder\n<p style=\"text-align: left;\"><strong>Kohout<\/strong>: Jednotn\u011b \u010dist\u011b b\u00edl\u00e9 zbarven\u00ed ve\u0161ker\u00e9ho pe\u0159\u00ed.<\/p>\n<p style=\"text-align: left;\"><strong>Slepice<\/strong>:&nbsp;Jednotn\u011b \u010dist\u011b b\u00edl\u00e9 zbarven\u00ed ve\u0161ker\u00e9ho pe\u0159\u00ed.<\/p>\n<p style=\"text-align: left;\"><strong>VV<\/strong>: Za\u017eloutl\u00fd odst\u00edn; p\u0159\u00edm\u011bs jak\u00fdchkoliv jin\u00fdch barev.&nbsp;<\/p>\n<p style=\"text-align: left;\">V klubu ji\u017e m\u00e1me chovatele tohoto barevn\u00e9ho r\u00e1zu.<\/p>\n<hr \/>\n<p><strong>B\u00edl\u00e9 kolumbijsk\u00e9<\/strong>&nbsp;(Vari\u00e9t\u00e9 Blanche hermin\u00e9e noir) (K 127)<\/p>\n<p><strong>Kohout<\/strong>: Z\u00e1kladn\u00ed barva je b\u00edl\u00e1, kresba je \u010dern\u00e1; hlava je b\u00edl\u00e1; kr\u010dn\u00ed z\u00e1v\u011bs je b\u00edl\u00fd s velmi \u0161irokou \u010dernou, lesklou, stvolovou kresbou, kter\u00e1 zasahuje odspodu minim\u00e1ln\u011b do dvou t\u0159etin d\u00e9lky krku; v sedlov\u00e9m z\u00e1v\u011bsu je rovn\u011b\u017e \u010dern\u00e1 stvolov\u00e1 kresba, ale podstatn\u011b slab\u0161\u00ed ne\u017e v kr\u010dn\u00edm z\u00e1v\u011bsu; ru\u010dn\u00ed letky jsou b\u00edl\u00e9, na vn\u011bj\u0161\u00edch praporech intenzivn\u011b \u010dern\u011b kreslen\u00e9, okraj vn\u011bj\u0161\u00edch prapor\u016f v\u0161ak mus\u00ed b\u00fdt b\u00edl\u00fd; loketn\u00ed letky jsou na vn\u011bj\u0161\u00edch praporech b\u00edl\u00e9, na vnit\u0159n\u00edch p\u0159ev\u00e1\u017en\u011b \u010dern\u00e9; rejdov\u00e1ky jsou \u010dern\u00e9, velk\u00e9 srpy jsou rovn\u011b\u017e \u010dern\u00e9 na konci b\u00edle lemovan\u00e9; zcela v zadn\u00ed \u010d\u00e1sti bok\u016f pod ocasem b\u00fdv\u00e1 \u010dasto n\u011bkolik mal\u00fdch \u0161edo\u010dern\u00fdch skvrn; u rousn\u00fdch plemen jsou dlouh\u00e1 pera rous\u016f b\u00edl\u00e1, \u010dern\u011b kreslen\u00e1 a mal\u00e9 kryc\u00ed ope\u0159en\u00ed rous\u016f je b\u00edl\u00e9; podsada je p\u0159ev\u00e1\u017en\u011b \u0161ed\u00e1 a jej\u00ed barva nesm\u00ed prostupovat na povrch kryc\u00edho pe\u0159\u00ed; ostatn\u00ed ope\u0159en\u00ed je b\u00edl\u00e9.<\/p>\n<p><strong>Slepice<\/strong>: Zbarven\u00ed je t\u00e9m\u011b\u0159 shodn\u00e9 s kohoutem; rozd\u00edly jsou pouze v sedle a zadn\u00ed partii pod ocasem, kter\u00e9 jsou \u010dist\u011b b\u00edl\u00e9, bez jak\u00e9koliv kresby a u kr\u010dn\u00ed kresby, kter\u00e1 dosahuje v\u00fd\u0161e a\u017e do oblasti t\u00fdlu; ru\u010dn\u00ed letky jsou v\u011bt\u0161inou o n\u011bco m\u00e9n\u011b kreslen\u00e9; u vrchn\u00edch rejdov\u00e1k\u016f je p\u0159\u00edpustn\u00fd koncov\u00fd b\u00edl\u00fd lem.<\/p>\n<p><strong>VV<\/strong>: U kohouta i slepice siln\u011b za\u017eloutl\u00e1 barva; nev\u00fdrazn\u00e1 kresba v kr\u010dn\u00edm z\u00e1v\u011bsu, v ocase a br\u010dic\u00edch; p\u0159ev\u00e1\u017en\u011b nebo zcela b\u00edl\u00e1 podsada; \u010dern\u00e9 skvrny nebo v\u011bt\u0161\u00ed pep\u0159en\u00ed na viditeln\u00fdch \u010d\u00e1stech k\u0159\u00eddeln\u00edch krovek (na skryt\u00fdch \u010d\u00e1stech je \u010der\u0148 p\u0159\u00edpustn\u00e1); na povrch kryc\u00edho pe\u0159\u00ed siln\u011b prostupuj\u00ed \u0161ed\u00e9 zbarven\u00ed podsady. U kohouta zcela chyb\u011bj\u00edc\u00ed kresba v sedlov\u00e9m z\u00e1v\u011bsu a velmi slab\u00e1 kresba v ru\u010dn\u00edch letk\u00e1ch.<\/p>\n<p>&nbsp;<br \/>\nO jeho chovu v \u010cR nem\u00e1me \u017e\u00e1dn\u00e9 informace.<\/p>\n<hr \/>\n<p><strong>Koroptv\u00ed<\/strong> (Vari\u00e9t\u00e9s Dor\u00e9 saumonn\u00e9) (K 010)<\/p>\n<p>ngg_shortcode_7_placeholder<strong>Kohout<\/strong>:&nbsp;<span class=\"u\">Hlava<\/span> je hn\u011bdo\u010derven\u00e1;&nbsp;<span class=\"u\">kr\u010dn\u00ed z\u00e1v\u011bs<\/span> tmav\u011b zlato\u010derven\u00fd s v\u00fdraznou \u010dernou stvolovou kresbou;&nbsp;<span class=\"u\">ramena a z\u00e1da<\/span> nachov\u011b \u010derven\u00e1;&nbsp;<span class=\"u\">\u0161t\u00edty k\u0159\u00eddel<\/span> jsou nachov\u011b \u010derven\u00e9 s p\u0159\u00ed\u010dn\u00fdm \u010dern\u00fdm, kovov\u011b leskl\u00fdm zrcadlem;&nbsp;<span class=\"u\">sedlov\u00fd z\u00e1v\u011bs<\/span> zlato\u010derven\u00fd s \u010dernou stvolovou kresbou;&nbsp;<span class=\"u\">prsa, boky a holen\u011b<\/span> jsou \u010dern\u00e9;&nbsp;<span class=\"u\">b\u0159icho<\/span> \u0161edo\u010dern\u00e9;&nbsp;<span class=\"u\">ru\u010dn\u00ed letky<\/span> \u010dern\u00e9, v\u011bt\u0161inou s \u00fazk\u00fdm tmav\u011b hn\u011bd\u00fdm lemem na vn\u011bj\u0161\u00edm praporu;&nbsp;<span class=\"u\">loketn\u00ed letky<\/span> maj\u00ed vnit\u0159n\u00ed prapory \u010dern\u00e9 a vn\u011bj\u0161\u00ed hn\u011bd\u00e9, na slo\u017een\u00e9m k\u0159\u00eddle vytv\u00e1\u0159ej\u00ed hn\u011bd\u00fd troj\u00faheln\u00edk; o<span class=\"u\">cas<\/span> \u010dern\u00fd se zelen\u00fdm leskem<\/p>\n<p><strong>Slepice<\/strong>:&nbsp;<span class=\"u\">Hlava<\/span> zlato\u010derven\u00e1 s n\u00e1znakem \u010dern\u00e9 stvolov\u00e9 kresby;&nbsp;<span class=\"u\">kr\u010dn\u00ed z\u00e1v\u011bs<\/span> zlato\u017elut\u00fd se \u0161irokou \u010dernou stvolovou kresbou;&nbsp;<span class=\"u\">pl\u00e1\u0161\u0165<\/span> &#8211; pe\u0159\u00ed na z\u00e1dech, v sedle, v krytu ocasu a na \u0161t\u00edtech k\u0159\u00eddel je tmav\u011b hn\u011bd\u00e9 se sv\u011btlej\u0161\u00edmi ostny a s jemn\u00fdm \u010dern\u00fdm pep\u0159en\u00edm, kter\u00e9 rovnom\u011brn\u011b pokr\u00fdv\u00e1 prapory jednotliv\u00fdch per a\u017e do jejich okraj\u016f;&nbsp;<span class=\"u\">pe\u0159\u00ed na prsou<\/span> tmav\u00e9 lososov\u011b \u010derven\u00e9 se sv\u011btlej\u0161\u00edmi ostny, po stran\u00e1ch prsou v\u011bt\u0161inou s m\u00edrn\u011b za\u0161edl\u00fdm odst\u00ednem;&nbsp;<span class=\"u\">pe\u0159\u00ed na boc\u00edch<\/span> hn\u011bd\u00e9 a\u017e \u0161edohn\u011bd\u00e9 se sv\u011btlej\u0161\u00edmi ostny;&nbsp;<span class=\"u\">holen\u011b a b\u0159icho<\/span> \u0161ed\u00e9;&nbsp;<span class=\"u\">ru\u010dn\u00ed letky&nbsp;<\/span>\u010dern\u00e9 nebo \u0161edo\u010dern\u00e9;&nbsp;<span class=\"u\">loketn\u00ed letky<\/span> maj\u00ed vnit\u0159n\u00ed prapory \u010dern\u00e9 nebo \u0161edo\u010dern\u00e9 a vn\u011bj\u0161\u00ed hn\u011bd\u00e9, \u010dern\u011b pep\u0159en\u00e9;&nbsp;<span class=\"u\">rejdov\u00e1ky<\/span> jsou \u010dern\u00e9.<\/p>\n<p><strong>VV<\/strong>: Kohout:&nbsp;Sv\u011btlej\u0161\u00ed zlato\u017elut\u00fd kr\u010dn\u00ed nebo sedlov\u00fd z\u00e1v\u011bs; m\u00e1lo v\u00fdrazn\u00e1 nebo chyb\u011bj\u00edc\u00ed stvolov\u00e1 kresba v z\u00e1v\u011bsech; hn\u011bd\u00e1 barva na prsou, boc\u00edch a holen\u00edch &nbsp; &nbsp; &nbsp; &nbsp; &nbsp; &nbsp; &nbsp; &nbsp; &nbsp; Slepice: Zcela \u010dern\u00e1 nebo \u010dist\u011b zlat\u00e1 hlava; p\u0159ev\u00e1\u017en\u011b mel\u00edrovan\u00e1 kresba v kr\u010dn\u00edm z\u00e1v\u011bsu; slit\u00e9 pep\u0159en\u00ed v horn\u00edch parti\u00edch pl\u00e1\u0161t\u011b; sv\u011btl\u00e9 lemy na z\u00e1dech a v sedle; chyb\u011bj\u00edc\u00ed ost\u00e9nkov\u00e1 kresba; v\u00fdrazn\u00e1 rez na \u0161t\u00edtech k\u0159\u00eddel; prob\u011blen\u00e1 prsa.&nbsp;<\/p>\n<p>Chov tohoto barevn\u00e9ho r\u00e1zu se vyskytuje na \u00fazem\u00ed \u010cR.<\/p>\n<hr \/>\n<p><strong>Zdrobn\u011bl\u00e9 maransky<\/strong><\/p>\n<p>&nbsp;<\/p>\n<p><strong>\u010cern\u00e1 m\u011bd\u011bn\u011bkrk\u00e1<\/strong><\/p>\n<p>ngg_shortcode_8_placeholder<strong>Kohout:<\/strong> Z\u00e1kladn\u00ed barva je \u010dern\u00e1; v\u0161echny kresebn\u00e9 znaky p\u0159ipom\u00ednaj\u00ed odst\u00ednem a v\u00fdrazn\u00fdm leskem zbarven\u00ed m\u011bdi; hlava je m\u011bd\u011bn\u011b zlatohn\u011bd\u00e1, n\u011bkdy pon\u011bkud prom\u00ed\u0161en\u00e1 barvou \u010dernou; kr\u010dn\u00ed z\u00e1v\u011bs je m\u011bd\u011bn\u011b zlatohn\u011bd\u00fd s&nbsp;\u010dernou stvolovou kresbou; z\u00e1da a vrchn\u00ed \u010d\u00e1st \u0161t\u00edt\u016f k\u0159\u00eddel jsou m\u011bd\u011bn\u011b \u010dervenohn\u011bd\u00e9, v\u011bt\u0161inou pon\u011bkud prom\u00ed\u0161en\u00e9 barvou \u010dernou; sedlov\u00fd z\u00e1v\u011bs je m\u011bd\u011bn\u011b zlatohn\u011bd\u00fd s \u010dernou stvolovou kresbou; ostatn\u00ed ope\u0159en\u00ed je \u010dern\u00e9.Podsada je tmav\u011b \u0161ed\u00e1 a\u017e \u0161edo\u010dern\u00e1<\/p>\n<p><strong>Slepice:<\/strong> Z\u00e1kladn\u00ed barva je \u010dern\u00e1; hlava je \u010dern\u00e1; kr\u010dn\u00ed z\u00e1v\u011bs je m\u011bd\u011bn\u011b zlatohn\u011bd\u00fd s&nbsp;bohatou \u010dernou stvolovou kresbou; ojedin\u011bl\u00e1 \u010dern\u00e1 nebo m\u011bd\u011bn\u011b zlatohn\u011bd\u00e1 p\u00edrka v kr\u010d\u00edm z\u00e1v\u011bsu se p\u0159ipou\u0161t\u00ed; ostatn\u00ed ope\u0159en\u00ed je \u010dern\u00e9. Podsada je tmav\u011b \u0161ed\u00e1 a\u017e \u0161edo\u010dern\u00e1.<\/p>\n<p><em><strong>VV<\/strong>: Sv\u011btlej\u0161\u00ed zlato\u017elut\u00fd nebo naopak tmav\u0161\u00ed \u010dervenohn\u011bd\u00fd odst\u00edn kresby bez m\u011bd\u011bn\u00e9ho lesku<\/em><em>; m\u011bd\u011bn\u011b hn\u011bd\u00e1 kresba na prsou a boc\u00edch ve v\u011bt\u0161\u00edm rozsahu; p\u0159\u00edm\u011bs hn\u011bd\u00e9 barvy v ocase; podb\u011blen\u00e1 podsada, u slepice p\u0159\u00edm\u011bs hn\u011bd\u00e9 barvy v horn\u00ed \u010d\u00e1sti pl\u00e1\u0161t\u011b.<\/em><\/p>\n<p>V klubu ji\u017e m\u00e1me chovatele tohoto barevn\u00e9ho r\u00e1zu.<\/p>\n<hr \/>\n<p><strong>Krahujcov\u00e9<\/strong>&nbsp;(Vari\u00e9t\u00e9 Coucou \u00e0 camail argent\u00e9) (K 231)<\/p>\n<p>ngg_shortcode_9_placeholder<strong>Kohout<\/strong>: Zbarven\u00ed ve\u0161ker\u00e9ho ope\u0159en\u00ed p\u0159ipom\u00ednaj\u00edc\u00ed prsn\u00ed kresbu dravc\u016f krahujce nebo jest\u0159\u00e1ba. Jednotliv\u00e1 pera maj\u00ed \u010dernou z\u00e1kladn\u00ed barvu p\u0159eru\u0161enou hrub\u00fdmi p\u0159\u00ed\u010dn\u00fdmi \u0161edob\u00edl\u00fdmi prou\u017eky. Tyto prou\u017eky nejsou rovn\u00e9, ale jsou prohnut\u00e9 sm\u011brem ke spi\u010dce pera a prob\u00edhaj\u00ed soub\u011b\u017en\u011b po cel\u00e9 plo\u0161e pera, v\u010detn\u011b podsady. Jejich po\u010det je odvisl\u00fd od d\u00e9lky pera. \u0160\u00ed\u0159ka \u010dern\u00fdch a \u0161edob\u00edl\u00fdch prou\u017ek\u016f je p\u0159ibli\u017en\u011b stejn\u00e1 a \u0161pi\u010dky jednotliv\u00fdch per jsou v z\u00e1kladn\u00ed \u010dern\u00e9 barv\u011b. Obdobn\u011b zbarven\u00e9 jsou i letky, rejdov\u00e1ky a srpy.<\/p>\n<p><strong>Slepice<\/strong>: Zbarven\u00ed je shodn\u00e9 s kohoutem, rozd\u00edl je v\u0161ak v tom \u017ee \u010dern\u00e9 prou\u017eky jsou 2x \u0161ir\u0161\u00ed ne\u017e prou\u017eky \u0161edob\u00edl\u00e9 a proto se slepice na prvn\u00ed pohled jev\u00ed tmav\u0161\u00ed ne\u017e kohout.<br \/>\nO jeho chovu v \u010cR nem\u00e1me \u017e\u00e1dn\u00e9 informace.<\/p>\n<p>O jeho chovu v \u010cR nem\u00e1me \u017e\u00e1dn\u00e9 informace.<\/p>\n","protected":false},"excerpt":{"rendered":"<p>&nbsp; \u010cern\u00e9 m\u011bd\u011bn\u011bkrk\u00e9&nbsp;(Vari\u00e9t\u00e9 Noir&nbsp;\u00e0 camail cuivr\u00e9) (K 255)&nbsp; &#8220; order_by=&#8220;sortorder&#8220; order_direction=&#8220;ASC&#8220; returns=&#8220;included&#8220; maximum_entity_count=&#8220;500&#8243;]Kohout: Z\u00e1kladn\u00ed barva je \u010dern\u00e1; v\u0161echny kresebn\u00e9 znaky p\u0159ipom\u00ednaj\u00ed odst\u00ednem a v\u00fdrazn\u00fdm leskem zbarven\u00ed m\u011bdi; hlava je m\u011bd\u011bn\u011b zlatohn\u011bd\u00e1, n\u011bkdy pon\u011bkud prom\u00ed\u0161en\u00e1 barvou \u010dernou; kr\u010dn\u00ed z\u00e1v\u011bs je m\u011bd\u011bn\u011b &hellip; <a href=\"https:\/\/www.maransky.cz\/?page_id=25\">Cel\u00fd p\u0159\u00edsp\u011bvek <span class=\"meta-nav\">&rarr;<\/span><\/a><\/p>\n","protected":false},"author":1,"featured_media":0,"parent":21,"menu_order":2,"comment_status":"closed","ping_status":"closed","template":"","meta":{"ngg_post_thumbnail":0,"footnotes":""},"class_list":["post-25","page","type-page","status-publish","hentry"],"_links":{"self":[{"href":"https:\/\/www.maransky.cz\/index.php?rest_route=\/wp\/v2\/pages\/25","targetHints":{"allow":["GET"]}}],"collection":[{"href":"https:\/\/www.maransky.cz\/index.php?rest_route=\/wp\/v2\/pages"}],"about":[{"href":"https:\/\/www.maransky.cz\/index.php?rest_route=\/wp\/v2\/types\/page"}],"author":[{"embeddable":true,"href":"https:\/\/www.maransky.cz\/index.php?rest_route=\/wp\/v2\/users\/1"}],"replies":[{"embeddable":true,"href":"https:\/\/www.maransky.cz\/index.php?rest_route=%2Fwp%2Fv2%2Fcomments&post=25"}],"version-history":[{"count":57,"href":"https:\/\/www.maransky.cz\/index.php?rest_route=\/wp\/v2\/pages\/25\/revisions"}],"predecessor-version":[{"id":2257,"href":"https:\/\/www.maransky.cz\/index.php?rest_route=\/wp\/v2\/pages\/25\/revisions\/2257"}],"up":[{"embeddable":true,"href":"https:\/\/www.maransky.cz\/index.php?rest_route=\/wp\/v2\/pages\/21"}],"wp:attachment":[{"href":"https:\/\/www.maransky.cz\/index.php?rest_route=%2Fwp%2Fv2%2Fmedia&parent=25"}],"curies":[{"name":"wp","href":"https:\/\/api.w.org\/{rel}","templated":true}]}}