{"id":27,"date":"2013-07-12T22:18:38","date_gmt":"2013-07-12T20:18:38","guid":{"rendered":"http:\/\/www.maransky.cz\/?page_id=27"},"modified":"2026-02-22T19:55:05","modified_gmt":"2026-02-22T18:55:05","slug":"vajicka","status":"publish","type":"page","link":"https:\/\/www.maransky.cz\/?page_id=27","title":{"rendered":"Vejce"},"content":{"rendered":"<p style=\"text-align: center;\"><strong>Co d\u011bl\u00e1 vejce atraktivn\u00edm?<\/strong><\/p>\n<p style=\"text-align: left;\">Maransky byly vy\u0161lecht\u011bny pro tmavou barvu sko\u0159\u00e1pky, kterou naz\u00fdv\u00e1me \u010dokol\u00e1dov\u00e1.&nbsp; Chceme-li tuto barvu udr\u017eet a d\u00e1le zlep\u0161ovat, je pot\u0159eba dodr\u017eovat ve\u0161ker\u00e9 zootechnick\u00e9 z\u00e1sady. Hlavn\u011b p\u0159ipa\u0159ovat nep\u0159\u00edbuzn\u00e9 kohouty, pokud mo\u017eno z chovu, kde slepice sn\u00e1\u0161\u00ed tmav\u00e1 vejce. P\u0159i v\u00fdb\u011bru n\u00e1sadov\u00fdch vajec db\u00e1t na to, aby sv\u011btl\u00e1 vejce byla vyselektov\u00e1na. D\u00e1le je nutn\u00e9 dodr\u017eovat cel\u00fd komplex zoohygienick\u00fdch z\u00e1sad.<br \/>\nProto, abychom st\u00e1le barvu sko\u0159\u00e1pky vylep\u0161ovali, n\u00e1m slou\u017e\u00ed v\u00fdstava vajec p\u0159i Klubov\u00e9 v\u00fdstav\u011b v Lys\u00e9 nad Labem. Hodnoceno je n\u011bkolik znak\u016f, nejv\u00edce bod\u016f m\u00e1 barva sko\u0159\u00e1pky.&nbsp;<\/p>\n<p>ngg_shortcode_0_placeholder______________________________________________________________________<\/p>\n<div>\n<p style=\"font-weight: 400; text-align: center;\"><span style=\"color: #000000; font-weight: bold;\">N\u00c1SADOV\u00c9 VEJCE JE,KDY\u017d &#8230;.<\/span><\/p>\n<\/div>\n<p>N\u00e1sadov\u00e9 vejce se m\u016f\u017ee naz\u00fdvat n\u00e1sadov\u00e9, pokud spl\u0148uje n\u011bkolik podm\u00ednek. O tom, \u017ee mus\u00ed b\u00fdt oplozen\u00e9, snad nen\u00ed t\u0159eba hovo\u0159it. P\u0159edev\u0161\u00edm jeho hmotnost mus\u00ed odpov\u00eddat hmotnosti n\u00e1sadov\u00e9ho vejce dan\u00e9ho plemene, uveden\u00e9 ve vzorn\u00edku. Tedy konkr\u00e9tn\u011b pro maransky plat\u00ed minim\u00e1ln\u00ed hmotnost 65 g. Pokud se v\u00e1m n\u011bkdo sna\u017e\u00ed prodat vejce jako n\u00e1sadov\u00e1, jejich\u017e hmotnost je men\u0161\u00ed ne\u017e 65g, pou\u010dte doty\u010dn\u00e9ho prodejce o skute\u010dnosti, \u017ee pojem \u201en\u00e1sadov\u00e9\u201c neznamen\u00e1 jen, \u017ee doty\u010dn\u00fd ho pl\u00e1nuje vlo\u017eit do l\u00edhn\u011b, ale \u017ee to je term\u00edn, kter\u00fd znamen\u00e1 konkr\u00e9tn\u00ed vlastnosti vejce. D\u016fvod je prost\u00fd. Podpr\u016fm\u011brn\u011b v\u00e1\u017e\u00edc\u00ed vejce = mal\u00e9 ku\u0159e, ze kter\u00e9ho neodchov\u00e1te po v\u0161ech str\u00e1nk\u00e1ch kvalitn\u00ed zv\u00ed\u0159e. V\u011bt\u0161\u00ed ku\u0159e m\u00e1 v\u00fdhodu na startovn\u00ed pozici. I proto a nejen proto se m\u00e1 nasazovat od slepic, kter\u00e9 jsou v druh\u00e9m sn\u00e1\u0161kov\u00e9m cyklu, jednak je m\u00e1me z prvn\u00edho cyklu prov\u011b\u0159en\u00e9 (kvokaj\u00ed x nekvokaj\u00ed) a jednak automaticky nesou v\u011bt\u0161\u00ed vejce. A nad to tak\u00e9 u\u017e v\u00edme, kter\u00e9 slepice i v tom prvn\u00edm roce nesly o n\u011bco v\u011bt\u0161\u00ed \u010di t\u011b\u017e\u0161\u00ed vejce ne\u017e ty ostatn\u00ed. Tedy pokud to st\u00edh\u00e1me sledovat. V\u0161\u00edm\u00e1me si tak\u00e9, zda odpadaj\u00ed tzv. ku\u0159i\u010dkov\u00e1 vejce, tj. kolik vajec je na za\u010d\u00e1tku sn\u00e1\u0161ky drobn\u011bj\u0161\u00edch, ne\u017e se slepice naplno roznese do standartn\u00ed hmotnosti vajec. A takov\u00e9 slepice si rovn\u011b\u017e zap\u00ed\u0161eme do pozn\u00e1mek. Sta\u010d\u00ed \u010d\u00edslo krou\u017eku. Pokud budeme l\u00edhnout jen z&nbsp;velk\u00fdch vajec, je \u0161ance, \u017ee v\u011bt\u0161ina populace plemene bude sn\u00e1\u0161et v\u011bt\u0161\u00ed vejce. V\u011bt\u0161\u00ed vejce se l\u00e9pe prod\u00e1vaj\u00ed. Pokud nebudeme db\u00e1t p\u0159edepsan\u00e9 velikosti vajec, plemeno ve velice kr\u00e1tk\u00e9 dob\u011b ponese drobn\u00e1 vejce, proto\u017ee n\u00e1vrat k&nbsp;p\u0159\u00edrodn\u00edm vlastnostem a znak\u016fm je v\u017edy rychlej\u0161\u00ed a krat\u0161\u00ed ne\u017e opa\u010dn\u011b. To plat\u00ed i o v\u00fd\u0161i sn\u00e1\u0161ky a o kvokavosti. Pro\u010d je tomu tak, lze snadno vysv\u011btlit &#8211; kur nepot\u0159ebuje k&nbsp;p\u0159e\u017eit\u00ed druhu investovat energii a \u010das do sn\u00e1\u0161ky 200 ks a v\u00edce vajec, ale sta\u010d\u00ed sl\u00edpce nan\u00e9st sv\u00fdch 15 a n\u011bkdy i &nbsp;2 x 15 vajec a vysed\u011bt ku\u0159ata.<\/p>\n<p>Dal\u0161\u00ed podm\u00ednkou, kterou mus\u00ed vejce spl\u0148ovat, je spr\u00e1vn\u00fd tvar. Vejce nesm\u00ed b\u00fdt ani p\u0159\u00edli\u0161 \u0161pi\u010dat\u00e9, ani p\u0159\u00edli\u0161 kulat\u00e9. Oboj\u00ed d\u011bl\u00e1 probl\u00e9my p\u0159i l\u00edhnut\u00ed. N\u00e1sadov\u00e9 vejce mus\u00ed b\u00fdt \u010dist\u00e9 &#8211; znamen\u00e1 sebran\u00e9 \u010dist\u00e9, bez omyt\u00ed. Om\u00fdt vejce znamen\u00e1 sm\u00fdt z n\u011bj ochrannou vrstvu, t\u00edm umo\u017en\u011bn\u00ed pr\u016fniku choroboplodn\u00fdch z\u00e1rodk\u016f p\u00f3ry ve sko\u0159\u00e1pce a to jest zkr\u00e1tit dobu jeho \u017eivotnosti. Ojedin\u011bl\u00e9 ne\u010distoty lze odstranit jen opatrn\u011b smirkov\u00fdm pap\u00edrem.<\/p>\n<p>V&nbsp;neposledn\u00ed \u0159ad\u011b si v&nbsp;p\u0159\u00edpad\u011b maransek v\u0161\u00edm\u00e1me zbarven\u00ed sko\u0159\u00e1pky, kter\u00e1 m\u00e1 na sv\u00e9m povrchu tenkou vrstvu tmav\u011b \u010dervenohn\u011bd\u00e9, ka\u0161tanov\u00e9, vz\u00e1cn\u011b a\u017e \u010dokol\u00e1dov\u00e9 barvy. Je to plemenn\u00fd znak a vlastnost maransek a slepice bez tohoto znaku nelze pova\u017eovat za maransky. Plat\u00ed \u010d\u00edm tmav\u0161\u00ed vejce, t\u00edm cenn\u011bj\u0161\u00ed. K&nbsp;hodnocen\u00ed n\u00e1m poslou\u017e\u00ed p\u0159ilo\u017een\u00e1 barevn\u00e1 \u0161k\u00e1la. Pozor, b\u011b\u017en\u00fdm jevem je, \u017ee vejce na po\u010d\u00e1tku sn\u00e1\u0161ky jsou syt\u011bji vybarvena ne\u017e v&nbsp;pr\u016fb\u011bhu \u010dasu. Tak\u00e9 hor\u0161\u00ed nosnice mohou produkovat intenzivn\u011bji zbarven\u00e1 vaj\u00ed\u010dka. Proto je nutno sledovat \u010destnost takov\u00fdch vajec, jestli\u017ee se objev\u00ed takov\u00e9 vejce u mlad\u00e9 slepice jednou do t\u00fddne, nen\u00ed to vhodn\u00e1 matka k&nbsp;dal\u0161\u00ed plemenitb\u011b. N\u011bco jin\u00e9ho je u slepic star\u0161\u00edch jednoho roku a v\u00edce, kdy p\u0159eci jen sn\u00e1\u0161ka kles\u00e1 a rozkl\u00e1d\u00e1 se trochu jinak do ro\u010dn\u00edho obdob\u00ed. K&nbsp;orientaci hodnocen\u00ed pak slou\u017e\u00ed pr\u00e1v\u011b \u00fadaje o nosnici z\u00edskan\u00e9 z&nbsp;prvn\u00edho sn\u00e1\u0161kov\u00e9ho cyklu.&nbsp;<\/p>\n<p style=\"text-align: right;\">J.Kafka, L.\u010cajkov\u00e1, J.Mestekov\u00e1<\/p>\n","protected":false},"excerpt":{"rendered":"<p>Co d\u011bl\u00e1 vejce atraktivn\u00edm? Maransky byly vy\u0161lecht\u011bny pro tmavou barvu sko\u0159\u00e1pky, kterou naz\u00fdv\u00e1me \u010dokol\u00e1dov\u00e1.&nbsp; Chceme-li tuto barvu udr\u017eet a d\u00e1le zlep\u0161ovat, je pot\u0159eba dodr\u017eovat ve\u0161ker\u00e9 zootechnick\u00e9 z\u00e1sady. Hlavn\u011b p\u0159ipa\u0159ovat nep\u0159\u00edbuzn\u00e9 kohouty, pokud mo\u017eno z chovu, kde slepice sn\u00e1\u0161\u00ed tmav\u00e1 vejce. &hellip; <a href=\"https:\/\/www.maransky.cz\/?page_id=27\">Cel\u00fd p\u0159\u00edsp\u011bvek <span class=\"meta-nav\">&rarr;<\/span><\/a><\/p>\n","protected":false},"author":1,"featured_media":0,"parent":21,"menu_order":3,"comment_status":"closed","ping_status":"closed","template":"","meta":{"ngg_post_thumbnail":0,"footnotes":""},"class_list":["post-27","page","type-page","status-publish","hentry"],"_links":{"self":[{"href":"https:\/\/www.maransky.cz\/index.php?rest_route=\/wp\/v2\/pages\/27","targetHints":{"allow":["GET"]}}],"collection":[{"href":"https:\/\/www.maransky.cz\/index.php?rest_route=\/wp\/v2\/pages"}],"about":[{"href":"https:\/\/www.maransky.cz\/index.php?rest_route=\/wp\/v2\/types\/page"}],"author":[{"embeddable":true,"href":"https:\/\/www.maransky.cz\/index.php?rest_route=\/wp\/v2\/users\/1"}],"replies":[{"embeddable":true,"href":"https:\/\/www.maransky.cz\/index.php?rest_route=%2Fwp%2Fv2%2Fcomments&post=27"}],"version-history":[{"count":17,"href":"https:\/\/www.maransky.cz\/index.php?rest_route=\/wp\/v2\/pages\/27\/revisions"}],"predecessor-version":[{"id":2516,"href":"https:\/\/www.maransky.cz\/index.php?rest_route=\/wp\/v2\/pages\/27\/revisions\/2516"}],"up":[{"embeddable":true,"href":"https:\/\/www.maransky.cz\/index.php?rest_route=\/wp\/v2\/pages\/21"}],"wp:attachment":[{"href":"https:\/\/www.maransky.cz\/index.php?rest_route=%2Fwp%2Fv2%2Fmedia&parent=27"}],"curies":[{"name":"wp","href":"https:\/\/api.w.org\/{rel}","templated":true}]}}