{"id":4,"date":"2013-07-12T21:37:15","date_gmt":"2013-07-12T19:37:15","guid":{"rendered":"http:\/\/www.maransky.cz\/?page_id=4"},"modified":"2026-02-25T14:24:16","modified_gmt":"2026-02-25T13:24:16","slug":"uvod","status":"publish","type":"page","link":"https:\/\/www.maransky.cz\/?page_id=4","title":{"rendered":"Seznam \u010dlen\u016f"},"content":{"rendered":"<p style=\"text-align: center;\">Seznam v t\u011bchto dnech aktualizujeme. Informace budou pr\u016fb\u011b\u017en\u011b dopln\u011bny.<\/p>\n<hr \/>\n<blockquote><p>Pros\u00edm \u010dleny klubu, aby m\u011b, v p\u0159\u00edpad\u011b chybn\u011b uveden\u00fdch \u00fadaj\u016f kontaktovali na e-mailu: stana.hajkova@centrum.cz<\/p><\/blockquote>\n<p>______________________________________________________________________<\/p>\n<p><strong>Dvo\u0159\u00e1kov\u00e1 Olga<\/strong>&nbsp;&#8211; Prost\u0159edn\u00ed 26, 664 46 Radostice, <strong>Barevn\u00e9 r\u00e1zy:<\/strong> \u010dern\u00e1 m\u011bd\u011bn\u011bkrk\u00e1<\/p>\n<p><strong>H\u00e1jkov\u00e1 Stanislava Mgr. &#8211;&nbsp;<\/strong>Chabi\u010dov 44, 785 01 \u0160ternberk, M: 608 558 856, stana.hajkova@centrum.cz, <strong>Barevn\u00e9 r\u00e1zy:<\/strong> \u010dern\u00e1 m\u011bd\u011bn\u011bkrk\u00e1, modr\u00e1 m\u011bd\u011bn\u011bkrk\u00e1<\/p>\n<p><strong>Hole\u010dek Vladim\u00edr<\/strong> &#8211; Deht\u00edn 36, 33901 Klatovy, vhde@seznam.cz, <strong>Barevn\u00e9 r\u00e1zy:&nbsp;<\/strong>\u010dern\u00e1 m\u011bd\u011bn\u011bkrk\u00e1<\/p>\n<p><strong>Chichmanov Ivan Ing.<\/strong> &#8211; Na V\u00fdslun\u00ed 1320\/31, 252 19 Rudn\u00e1, M: 602 286 132, ivan.chichmanov@seznam.cz, <strong>Barevn\u00e9 r\u00e1zy:&nbsp;<\/strong>\u010dern\u00e1 m\u011bd\u011bn\u011bkrk\u00e1<\/p>\n<p><strong>Jane\u0161 Petr &#8211;&nbsp;<\/strong>\u0160koln\u00ed n\u00e1m\u011bst\u00ed 5, Struha\u0159ov, Janes_petr@yahoo.com, <strong>Barevn\u00e9 r\u00e1zy:&nbsp;<\/strong>\u010dern\u00e1 m\u011bd\u011bn\u011bkrk\u00e1<\/p>\n<p><strong>Juh\u00e1szov\u00e1 Helena<\/strong> &#8211; Nov\u00e9 Z\u00e1mky 45, 289 33 K\u0159inec, M: 724 285 383, St. 325 515 713, 311 262 297, pistasped@seznam.cz,&nbsp;<\/p>\n<p><strong>Kermes Karel<\/strong> &#8211; Bolatice, U h\u0159i\u0161t\u011b 7, 747 23, fakermes@volny.cz<\/p>\n<p><strong>Klacek V\u00e1clav<\/strong> &#8211; Kluky 26, Skalsko 294 26, M: 602 821 880, klacekv@seznam.cz, <strong>Barevn\u00e9 r\u00e1zy:&nbsp;<\/strong>\u010dern\u00e1 m\u011bd\u011bn\u011bkrk\u00e1<\/p>\n<p><strong>Kop\u010d\u00edkov\u00e1 Martina &#8211;&nbsp;<\/strong><\/p>\n<p><strong>Rezek Ladislav<\/strong> &#8211; \u0160tolm\u00ed\u0159 13, 282 01 \u010cesk\u00fd Brod, M: 732 987 231,&nbsp;<strong>Barevn\u00e9 r\u00e1zy:&nbsp;<\/strong>\u010dern\u00e1 m\u011bd\u011bn\u011bkrk\u00e1<\/p>\n<p><strong>Rou\u010dkov\u00e1 Blanka &#8211; <\/strong>Hodkovice nad Mohelkou, Pel\u00edkovick\u00e1 750, 463 42, M: 608 714 433, blanka.rouckova@gmail.com, <strong>Barevn\u00e9 r\u00e1zy:&nbsp;<\/strong>\u010dern\u00e1 m\u011bd\u011bn\u011bkrk\u00e1<\/p>\n<p><strong>Rou\u010dka Ladislav &#8211;&nbsp;<\/strong>Hodkovice nad Mohelkou, Pel\u00edkovick\u00e1 750, 463 42, M: 723 447 472, ladik.roucka@gmail.com, <strong>Barevn\u00e9 r\u00e1zy:&nbsp;<\/strong>\u010dern\u00e1 m\u011bd\u011bn\u011bkrk\u00e1<\/p>\n<p><strong>Scordia Ilona &#8211;&nbsp;<\/strong>Trneny ujezd 10, Z\u00e1kolany 273 28, M: 734 222&nbsp;091, scordia@seznam.cz,&nbsp;<strong>Barevn\u00e9 r\u00e1zy:<\/strong><\/p>\n<p><strong>Strasserov\u00e1 Pavla &#8211;<\/strong> Zho\u0159 33, St\u0159\u00edbro 349 01, M: 605 721 395, milizvanili@seznam.cz, <strong>Barevn\u00e9 r\u00e1zy: <\/strong>\u010dern\u00e1 m\u011bd\u011bn\u011bkrk\u00e1, modr\u00e1 m\u011bd\u011bn\u011bkrk\u00e1, \u010dern\u00e1 st\u0159\u00edbrokrk\u00e1, modr\u00e1 st\u0159\u00edbrokrk\u00e1, p\u0161eni\u010dn\u00e1&nbsp;<\/p>\n<p><strong>\u0160tychov\u00e1 And\u011bla &#8211;&nbsp;<\/strong>Pr\u016fb\u011b\u017en\u00e1 5, 290 01 Pod\u011bbrady, M: 724 559 394, luckyangel@atlas.cz,&nbsp;<strong>Barevn\u00e9 r\u00e1zy:&nbsp;<\/strong>\u010dern\u00e1 m\u011bd\u011bn\u011bkrk\u00e1<\/p>\n<p><strong>V\u00e1clav\u00edk Libor<\/strong> &#8211; Mrzky 87, 282 01 \u010cesk\u00fd Brod, M: 728 234 385, vaclavik-libor@seznam.cz,&nbsp;<strong>Barevn\u00e9 r\u00e1zy:&nbsp;<\/strong>\u010dern\u00e1 m\u011bd\u011bn\u011bkrk\u00e1, zdr. \u010dern\u00e1 m\u011bd\u011bn\u011bkrk\u00e1<\/p>\n<p><strong>Zeman Petr &#8211;&nbsp;<\/strong>Li\u010dno 26, Ba\u010dalky 507 23, M: 704 205 688, pzmarans@seznam.cz, <strong>Barevn\u00e9 r\u00e1zy: <\/strong>\u010dern\u00e1 m\u011bd\u011bn\u011bkrk\u00e1, modr\u00e1 m\u011bd\u011bn\u011bkrk\u00e1, \u010dern\u00e1 st\u0159\u00edbrokrk\u00e1, modr\u00e1 st\u0159\u00edbrokrk\u00e1, b\u00edl\u00e1, zlat\u011bkoroptv\u00ed, zdr. \u010dern\u00e1 m\u011bd\u011bn\u011bkrk\u00e1<\/p>\n<p>&nbsp;<\/p>\n","protected":false},"excerpt":{"rendered":"<p>Seznam v t\u011bchto dnech aktualizujeme. Informace budou pr\u016fb\u011b\u017en\u011b dopln\u011bny. Pros\u00edm \u010dleny klubu, aby m\u011b, v p\u0159\u00edpad\u011b chybn\u011b uveden\u00fdch \u00fadaj\u016f kontaktovali na e-mailu: stana.hajkova@centrum.cz ______________________________________________________________________ Dvo\u0159\u00e1kov\u00e1 Olga&nbsp;&#8211; Prost\u0159edn\u00ed 26, 664 46 Radostice, Barevn\u00e9 r\u00e1zy: \u010dern\u00e1 m\u011bd\u011bn\u011bkrk\u00e1 H\u00e1jkov\u00e1 Stanislava Mgr. &#8211;&nbsp;Chabi\u010dov 44, &hellip; <a href=\"https:\/\/www.maransky.cz\/?page_id=4\">Cel\u00fd p\u0159\u00edsp\u011bvek <span class=\"meta-nav\">&rarr;<\/span><\/a><\/p>\n","protected":false},"author":1,"featured_media":0,"parent":7,"menu_order":6,"comment_status":"closed","ping_status":"closed","template":"","meta":{"ngg_post_thumbnail":0,"footnotes":""},"class_list":["post-4","page","type-page","status-publish","hentry"],"_links":{"self":[{"href":"https:\/\/www.maransky.cz\/index.php?rest_route=\/wp\/v2\/pages\/4","targetHints":{"allow":["GET"]}}],"collection":[{"href":"https:\/\/www.maransky.cz\/index.php?rest_route=\/wp\/v2\/pages"}],"about":[{"href":"https:\/\/www.maransky.cz\/index.php?rest_route=\/wp\/v2\/types\/page"}],"author":[{"embeddable":true,"href":"https:\/\/www.maransky.cz\/index.php?rest_route=\/wp\/v2\/users\/1"}],"replies":[{"embeddable":true,"href":"https:\/\/www.maransky.cz\/index.php?rest_route=%2Fwp%2Fv2%2Fcomments&post=4"}],"version-history":[{"count":84,"href":"https:\/\/www.maransky.cz\/index.php?rest_route=\/wp\/v2\/pages\/4\/revisions"}],"predecessor-version":[{"id":2529,"href":"https:\/\/www.maransky.cz\/index.php?rest_route=\/wp\/v2\/pages\/4\/revisions\/2529"}],"up":[{"embeddable":true,"href":"https:\/\/www.maransky.cz\/index.php?rest_route=\/wp\/v2\/pages\/7"}],"wp:attachment":[{"href":"https:\/\/www.maransky.cz\/index.php?rest_route=%2Fwp%2Fv2%2Fmedia&parent=4"}],"curies":[{"name":"wp","href":"https:\/\/api.w.org\/{rel}","templated":true}]}}