{"id":74,"date":"2013-07-12T23:14:06","date_gmt":"2013-07-12T21:14:06","guid":{"rendered":"http:\/\/www.maransky.cz\/?page_id=74"},"modified":"2026-02-22T20:11:34","modified_gmt":"2026-02-22T19:11:34","slug":"uvod-2","status":"publish","type":"page","link":"https:\/\/www.maransky.cz\/","title":{"rendered":"\u00davod"},"content":{"rendered":"<p style=\"text-align: center;\">!!! 22.2.2026 WWW str\u00e1nky aktu\u00e1ln\u011b upravujeme, postupn\u011b budeme p\u0159id\u00e1vat dal\u0161\u00ed informace. !!! D\u011bkujeme za pochopen\u00ed.<\/p>\n<p style=\"text-align: center;\"><strong>V\u00edt\u00e1me V\u00e1s na ofici\u00e1ln\u00edch str\u00e1nk\u00e1ch Klubu chovatel\u016f Maransek.&nbsp;<\/strong><\/p>\n<p><strong>Maransky \u2013 MR&nbsp;&nbsp;&nbsp;&nbsp;&nbsp;&nbsp;&nbsp;&nbsp;&nbsp;&nbsp;&nbsp;&nbsp;&nbsp;&nbsp;&nbsp;&nbsp;&nbsp;&nbsp;&nbsp;&nbsp;&nbsp;&nbsp;&nbsp;&nbsp;&nbsp;&nbsp;&nbsp;&nbsp;&nbsp;&nbsp;&nbsp;&nbsp;&nbsp;&nbsp;&nbsp;&nbsp;&nbsp;&nbsp;&nbsp;&nbsp;&nbsp;&nbsp;&nbsp;&nbsp;&nbsp;&nbsp;&nbsp;&nbsp;&nbsp;&nbsp;&nbsp;&nbsp;&nbsp;&nbsp;&nbsp;&nbsp; Skupina: D2<\/strong><\/p>\n<p><strong>S \u2013 Maransky, N \u2013 Marans, F \u2013 Marans, A \u2013 Marans<\/strong><\/p>\n<p>P\u016fvod: Francie<\/p>\n<p>Charakteristika: Plemeno slepic s&nbsp;kombinovanou u\u017eitkovost\u00ed, vy\u0161lecht\u011bn\u00e9 po\u010d\u00e1tkem 20. stolet\u00ed. \u0160lecht\u011bn\u00ed bylo zam\u011b\u0159eno p\u0159edev\u0161\u00edm na sn\u00e1\u0161ku a velmi tmavou barvu sko\u0159\u00e1pky. Vynik\u00e1 vitalitou, rychl\u00fdm r\u016fstem, dobr\u00fdm ope\u0159ov\u00e1n\u00edm a sn\u00e1\u0161kou v\u011bt\u0161\u00edch vajec. Barva k\u016f\u017ee je b\u00edl\u00e1. Sn\u00e1\u0161ka je asi 180 \u2013 220 vajec s&nbsp;velmi tmavou, \u010dervenohn\u011bdou sko\u0159\u00e1pkou, minim\u00e1ln\u00ed hmotnost n\u00e1sadov\u00fdch vajec je 65 g. Kvokavost je ne\u017e\u00e1douc\u00ed.<\/p>\n<p>&nbsp;<\/p>\n<p><strong>Hmotnost &nbsp;v kg:<\/strong> do 1 roku:&nbsp;&nbsp;&nbsp;&nbsp;&nbsp;&nbsp; kohout 3,0 \u2013 3,6 &nbsp; &nbsp; &nbsp; &nbsp; &nbsp;min 2,7 max 4,1<\/p>\n<p>&nbsp; &nbsp; &nbsp; &nbsp; &nbsp; &nbsp; &nbsp; &nbsp; &nbsp; &nbsp; &nbsp; &nbsp; &nbsp; &nbsp; &nbsp; &nbsp; &nbsp; &nbsp; &nbsp; &nbsp; &nbsp; &nbsp; &nbsp; &nbsp; &nbsp; &nbsp;slepice &nbsp;2,3 \u2013 2,9&nbsp;&nbsp;&nbsp;&nbsp;&nbsp;&nbsp;&nbsp;&nbsp; min 2,0 max 3,4<\/p>\n<p>&nbsp; &nbsp; &nbsp; &nbsp; &nbsp; &nbsp; &nbsp; &nbsp; &nbsp; &nbsp; &nbsp; &nbsp; &nbsp; &nbsp; nad 1 rok:&nbsp;&nbsp;&nbsp;&nbsp;&nbsp;&nbsp; kohout 3,5 \u2013 4,3 &nbsp; &nbsp; &nbsp; &nbsp; &nbsp; min 2,9 max 4,8<\/p>\n<p>&nbsp; &nbsp; &nbsp; &nbsp; &nbsp; &nbsp; &nbsp; &nbsp; &nbsp; &nbsp; &nbsp; &nbsp; &nbsp; &nbsp; &nbsp; &nbsp; &nbsp; &nbsp; &nbsp; &nbsp; &nbsp; &nbsp; &nbsp; &nbsp; &nbsp; &nbsp;slepice &nbsp;2,8 \u2013 3,4&nbsp;&nbsp;&nbsp;&nbsp;&nbsp;&nbsp;&nbsp;&nbsp; min 2,2 max 3,9<\/p>\n<p><strong>Krou\u017eek:<\/strong> Kohout 22 mm, slepice 20 mm<\/p>\n<p><strong>1. Plemenn\u00fd typ<\/strong>: Slepice st\u0159edn\u011b t\u011b\u017ek\u00e9ho typu, st\u0159edn\u00edho t\u011blesn\u00e9ho r\u00e1mce, se znaky dobr\u00e9 nosnice, s&nbsp;prostorn\u00fdm typem obdeln\u00edkov\u00e9ho tvaru, s&nbsp;listov\u00fdm h\u0159ebenem, s&nbsp;m\u00edrn\u011b ope\u0159en\u00fdmi b\u011bh\u00e1ky, \u0161ir\u0161\u00edho st\u0159edn\u011b vysok\u00e9ho postoje.<\/p>\n<p><a href=\"https:\/\/www.maransky.cz\/?attachment_id=935\" rel=\"attachment wp-att-935\"><img loading=\"lazy\" decoding=\"async\" class=\"alignleft size-thumbnail wp-image-935\" src=\"https:\/\/www.maransky.cz\/wp-content\/uploads\/2013\/07\/FB_IMG_1480477836408-150x150.jpg\" alt=\"\" width=\"150\" height=\"150\"\/><\/a><\/p>\n<p>&nbsp;<\/p>\n<p>&nbsp;<\/p>\n<p>&nbsp;<\/p>\n<p>&nbsp;<\/p>\n<p>&nbsp;<\/p>\n<p><strong>Plemen\u00e9 znaky kohouta:<\/strong><\/p>\n<p style=\"padding-left: 30px;\"><strong><a href=\"https:\/\/www.maransky.cz\/wp-content\/uploads\/2018\/03\/28537180_1707261895979091_1300230478_n.png\"><img loading=\"lazy\" decoding=\"async\" class=\"alignleft size-thumbnail wp-image-1986\" src=\"https:\/\/www.maransky.cz\/wp-content\/uploads\/2018\/03\/28537180_1707261895979091_1300230478_n-150x150.png\" alt=\"\" width=\"150\" height=\"150\"\/><\/a>Hlava<\/strong>: st\u0159edn\u011b velk\u00e1, v\u00fdrazn\u00e1 <em>VV: drobn\u00e1<\/em><\/p>\n<p style=\"padding-left: 60px;\"><strong>zob\u00e1k<\/strong>: p\u0159im\u011b\u0159en\u011b siln\u00fd, lehce zahnut\u00fd, rohov\u00fd<\/p>\n<p style=\"padding-left: 60px;\"><strong>h\u0159eben<\/strong>: listov\u00fd, st\u0159edn\u011b velk\u00fd, s&nbsp;hloub\u011bji \u0159ezan\u00fdmi zuby, praporek lehce sleduje t\u00fdl, ale k&nbsp;t\u00fdlu nep\u0159il\u00e9h\u00e1 <em>VV: mal\u00fd nebo naopak velk\u00fd, hrub\u00fd<\/em><\/p>\n<p style=\"padding-left: 60px;\">&nbsp;<\/p>\n<p style=\"padding-left: 60px;\"><strong>obli\u010dej<\/strong>: \u010derven\u00fd, pln\u00fd, hladk\u00fd nebo mal\u00fdmi pe\u0159\u00ed\u010dky porostl\u00fd<\/p>\n<p style=\"padding-left: 60px;\"><strong>u\u0161nice<\/strong>: \u010derven\u00e9, nep\u0159\u00edli\u0161 velk\u00e9, m\u00edrn\u011b svra\u0161t\u011bl\u00e9<\/p>\n<p style=\"padding-left: 60px;\"><strong>laloky<\/strong>: st\u0159edn\u011b v\u00e9lk\u00e9, ov\u00e1ln\u00e9, dob\u0159e zaoblen\u00e9 <em>VV: dlouh\u00e9<\/em><\/p>\n<p style=\"padding-left: 60px;\"><strong>o\u010di<\/strong>: v\u00fdrazn\u00e9, oran\u017eov\u00e9 a\u017e \u010derven\u00e9<\/p>\n<p style=\"padding-left: 30px;\"><strong>Trup<\/strong>: mohutn\u011bj\u0161\u00ed, dosti dlouh\u00fd, ze strany lichob\u011b\u017en\u00edkov\u00fd, dosti \u0161irok\u00fd a hlubok\u00fd, pln\u00fd, dob\u0159e zaoblen\u00fd, jen velmi lehce zvednut\u00fd <em>VV: drobn\u00fd, kr\u00e1tk\u00fd, \u00fazk\u00fd, troj\u00faheln\u00edkov\u00fd<\/em><\/p>\n<p style=\"padding-left: 60px;\"><strong>Z\u00e1da<\/strong>: dosti dlouh\u00e1, po cel\u00e9 d\u00e9lce \u0161irok\u00e1, jen velmi m\u00edrn\u011b nazad sklon\u011bn\u00e1 <em>VV: kr\u00e1tk\u00e1, \u00fazk\u00e1<\/em><\/p>\n<p style=\"padding-left: 60px;\"><strong>prsa<\/strong>: \u0161irok\u00e1, pln\u00e1, lehce klenut\u00e1<\/p>\n<p style=\"padding-left: 60px;\"><strong>b\u0159icho<\/strong>: \u0161irok\u00e9, dosti hlubok\u00e9, pln\u00e9<\/p>\n<p style=\"padding-left: 60px;\"><strong>krk<\/strong>: st\u0159edn\u011b dlouh\u00fd, siln\u011bj\u0161\u00ed, s&nbsp;pln\u00fdm kr\u010dn\u00edm z\u00e1v\u011bsem<\/p>\n<p style=\"padding-left: 60px;\"><strong>k\u0159\u00eddla<\/strong>: siln\u00e1, v&nbsp;ose trupu nesen\u00e1, t\u011bsn\u011b p\u0159ilehl\u00e1<\/p>\n<p style=\"padding-left: 60px;\"><strong>ocas<\/strong>: nejv\u00fd\u0161e st\u0159edn\u011b dlouh\u00fd, \u0161iroce nasazen\u00fd pod \u00fahlem asi 40\u00b0 &#8211; 60\u00b0, plynule nebo jen mal\u00fdm zlomem vych\u00e1zej\u00edc\u00ed z&nbsp;linie sedla, \u010d\u00e1ste\u010dn\u011b rozev\u0159en\u00fd, \u0161irok\u00e9 rejdov\u00e1ky jsou t\u00e9m\u011b\u0159 nebo zcela zakryty st\u0159edn\u011b dlouh\u00fdmi srpy <em>VV: dlouh\u00fd, kolmo nesen\u00fd<\/em><\/p>\n<p style=\"padding-left: 30px;\"><strong>Nohy<\/strong>: postoj je \u0161irok\u00fd a st\u0159edn\u011b vysok\u00fd<\/p>\n<p style=\"padding-left: 60px;\"><strong>holen\u011b<\/strong>: st\u0159edn\u011b dlouh\u00e9, m\u00edrn\u011b vystupuj\u00edc\u00ed, siln\u00e9, dob\u0159e zmasil\u00e9<\/p>\n<p style=\"padding-left: 60px;\"><strong>b\u011bh\u00e1ky<\/strong>: st\u0159edn\u011b dlouh\u00e9, ope\u0159en\u00e9, masov\u00e9, u tmav\u011b zbarven\u00fdch r\u00e1z\u016f v\u011bt\u0161inou s&nbsp;r\u016fzn\u00fdm rozsahem tmav\u0161\u00edch pigment\u016f <em>VV: neope\u0159en\u00e9, \u017elut\u00e9, zelen\u00e9<\/em><\/p>\n<p style=\"padding-left: 60px;\"><strong>rousy<\/strong>: na vn\u011bj\u0161\u00ed stran\u011b a vn\u011bj\u0161\u00edch prstech m\u00edrn\u00e9 ope\u0159en\u00ed typu \u201epun\u010do\u0161ky\u201c <em>VV: bohat\u00e9 rousy<\/em><\/p>\n<p style=\"padding-left: 30px;\"><strong>Ope\u0159en\u00ed<\/strong>: tvrd\u0161\u00ed, dob\u0159e p\u0159ilehl\u00e9, bez podu\u0161ek VV: podu\u0161ky<\/p>\n<p>&nbsp;<\/p>\n<p><strong>Plemen\u00e9 znaky slepice:<\/strong><\/p>\n<p>V&nbsp;hlavn\u00edch plemenn\u00fdch znac\u00edch shodn\u00e1 s&nbsp;kohoutem a\u017e na znaky podm\u00edn\u011bn\u00e9 pohlav\u00edm. Je celkov\u011b men\u0161\u00ed a b\u0159icho m\u00e1 prostorn\u011bj\u0161\u00ed. Ocas nasazen\u00fd pod \u00fahlem asi 40\u00b0 &#8211; 60\u00b0 st\u0159edn\u011b dlouh\u00fd, nep\u0159\u00edli\u0161 bohat\u00fd, \u010d\u00e1ste\u010dn\u011b rozev\u0159en\u00fd, plynule nebo jen mal\u00fdm zlomem vystupuj\u00edc\u00ed z&nbsp;linie zad. H\u0159eben m\u00e1 men\u0161\u00ed, vzp\u0159\u00edmen\u00fd.<\/p>\n<p><em>VV: hrub\u00fd, siln\u011b klopen\u00fd h\u0159eben, \u00fazce nasazen\u00fd ocas, kolmo nesen\u00fd ocas<\/em><\/p>\n<p>&nbsp;<\/p>\n<p><strong>Maransky zdrobn\u011bl\u00e9 \u2013 Z MR&nbsp;&nbsp;&nbsp;&nbsp;&nbsp;&nbsp;&nbsp;&nbsp;&nbsp;&nbsp;&nbsp;&nbsp;&nbsp;&nbsp;&nbsp;&nbsp;&nbsp;&nbsp;&nbsp;&nbsp;&nbsp;&nbsp;&nbsp;&nbsp;&nbsp;&nbsp;&nbsp;&nbsp;&nbsp;&nbsp;&nbsp;&nbsp;&nbsp;&nbsp;&nbsp;&nbsp;&nbsp;&nbsp;&nbsp;&nbsp;&nbsp;&nbsp;&nbsp;&nbsp;&nbsp;&nbsp;&nbsp;&nbsp;&nbsp;&nbsp;&nbsp;&nbsp;&nbsp;&nbsp;&nbsp;&nbsp;&nbsp;&nbsp;&nbsp;&nbsp;&nbsp;&nbsp;&nbsp;&nbsp; Skupina: D4<\/strong><\/p>\n<p><strong>P\u016fvod: &nbsp;Anglie<\/strong><\/p>\n<p><strong>Charakteristika<\/strong>: Zdrobn\u011bl\u00e1 forma velk\u00e9ho plemene. Sn\u00e1\u0161ka asi 150 vajec s&nbsp;velmi tmavou, \u010dervenohn\u011bdou sko\u0159\u00e1pkou. Minim\u00e1ln\u00ed hmotnost n\u00e1sadov\u00fdch vajec je 45 g.<\/p>\n<p><strong>Hmotnost v kg:<\/strong> do 1 roku:&nbsp;&nbsp;&nbsp;&nbsp;&nbsp;&nbsp; kohout 1,0 \u2013 1,2&nbsp;&nbsp;&nbsp;&nbsp;&nbsp;&nbsp;&nbsp;&nbsp; min 0,8 max 1,4<\/p>\n<p>&nbsp; &nbsp; &nbsp; &nbsp; &nbsp; &nbsp; &nbsp; &nbsp; &nbsp; &nbsp; &nbsp; &nbsp; &nbsp; &nbsp; &nbsp; &nbsp; &nbsp; &nbsp; &nbsp; &nbsp; &nbsp; &nbsp; &nbsp; &nbsp; &nbsp; slepice &nbsp;0,8 \u2013 1,0&nbsp;&nbsp;&nbsp;&nbsp;&nbsp;&nbsp;&nbsp;&nbsp; min 0,6 max 1,2<\/p>\n<p>&nbsp; &nbsp; &nbsp; &nbsp; &nbsp; &nbsp; &nbsp; &nbsp; &nbsp; &nbsp; &nbsp; &nbsp; &nbsp; nad 1 rok:&nbsp;&nbsp;&nbsp;&nbsp;&nbsp;&nbsp; kohout 1,1 \u2013 1,4&nbsp;&nbsp;&nbsp;&nbsp;&nbsp;&nbsp;&nbsp;&nbsp; min 0,9 max 1,6<\/p>\n<p>&nbsp; &nbsp; &nbsp; &nbsp; &nbsp; &nbsp; &nbsp; &nbsp; &nbsp; &nbsp; &nbsp; &nbsp; &nbsp; &nbsp; &nbsp; &nbsp; &nbsp; &nbsp; &nbsp; &nbsp; &nbsp; &nbsp; &nbsp; &nbsp; &nbsp;slepice &nbsp;0,9 \u2013 1,2&nbsp;&nbsp;&nbsp;&nbsp;&nbsp;&nbsp;&nbsp;&nbsp; min 0,7 max 1,4<\/p>\n<p><strong>Krou\u017eek<\/strong>: kohout 15 mm, slepice 13 mm<\/p>\n<p style=\"text-align: center;\"><strong>M\u011bd\u011bn\u011bkrk\u00e1? M\u011bd\u011bn\u011bprs\u00e1? M\u011bd\u011bn\u011b \u010dern\u00e1? Co je spr\u00e1vn\u011b?<\/strong><\/p>\n<p style=\"text-align: center;\"><strong style=\"text-align: left;\">Vzhledem k r\u016fzn\u00fdm dohad\u016fm a nejasnostem kolem spr\u00e1vnosti n\u00e1zv\u016f barevn\u00fdch r\u00e1z\u016f maransek a vzhledem k tomu, \u017ee n\u00e1m st\u00e1le nebyla zaslan\u00e1 odpov\u011b\u010f na n\u00e1\u0161 dopis p\u0159edsedovi sboru posuzovatel\u016f, p\u0159edkl\u00e1d\u00e1me od\u016fvodn\u011bn\u00ed spr\u00e1vnosti \u010desk\u00e9ho n\u00e1zvu ..krk\u00e1&#8220;. Klub se k t\u00e9to variant\u011b p\u0159ikl\u00e1n\u00ed a bude ho pou\u017e\u00edvat.<\/strong><\/p>\n<p style=\"text-align: center;\"><span style=\"text-align: left;\">K barv\u011b maransek m\u011bd\u011bn\u011bkrk\u00e1 x m\u011bd\u011bn\u011bprs\u00e1 \u010di dokonce m\u011bd\u011bn\u011b \u010dern\u00e1:<\/span><\/p>\n<p style=\"text-align: center;\"><span style=\"text-align: left;\">V\u0161echny maj\u00ed spole\u010dn\u00e9 jedno a to, \u017ee spadaj\u00ed do mno\u017einy faktoru b\u0159\u00edzov\u00e9ho podm\u00edn\u011bn\u00e9ho dominantn\u00edm genem&nbsp;E<\/span><sup style=\"text-align: left;\">R&nbsp;<\/sup><span style=\"text-align: left;\">&nbsp;s r\u016fzn\u00fdmi obm\u011bnami, o kter\u00fdch bude \u0159e\u010d. E spr\u00e1vn\u011b s horn\u00edm indexem velk\u00e9 R spad\u00e1 do po\u010detn\u00e9 alelick\u00e9 \u0159ady na jej\u00edm\u017e vrcholu je r\u00e1z \u010dern\u00fd EE d\u00e1le b\u0159\u00edzov\u00fd&nbsp;E<\/span><sup style=\"text-align: left;\">R<\/sup><span style=\"text-align: left;\">E<\/span><sup style=\"text-align: left;\">R<\/sup><span style=\"text-align: left;\">, n\u00e1sledn\u011b&nbsp;e<\/span><sup style=\"text-align: left;\">Wh&nbsp;<\/sup><span style=\"text-align: left;\">e&nbsp;<\/span><sup style=\"text-align: left;\">Wh<\/sup><span style=\"text-align: left;\">&nbsp;coby r\u00e1z p\u0161eni\u010dn\u00fd a kone\u010dn\u011b reces\u00edvn\u00ed ee koroptv\u00ed nebo chcete-li p\u016fvodn\u00ed divok\u00fd. To jsou n\u00e1m nejzn\u00e1m\u011bj\u0161\u00ed r\u00e1zy alelick\u00e9 s\u00e9rie E. Nej\u010dast\u011bji se s nimi u kura dom\u00e1c\u00edho setk\u00e1v\u00e1me v na\u0161ich zem\u011bpisn\u00fdch \u0161\u00ed\u0159k\u00e1ch. Pro b\u0159\u00edzov\u00e9 faktory je spole\u010dn\u00e9 nap\u0159\u00edklad to, \u017ee u kohout\u016f nen\u00ed hn\u011bd\u00fd trojuheln\u00edk v k\u0159\u00eddle, na rozd\u00edl od p\u0161eni\u010dn\u00fdch \u010di koroptv\u00edch kohout\u016f, dal\u0161\u00edm pr\u016fvodn\u00edm znakem je potemn\u011bl\u00e1 pigmentace neope\u0159en\u00fdch \u010d\u00e1st\u00ed hlavy typick\u00e9 pro novoanglick\u00e9, brugsk\u00e9 bojovnice \u010di ard\u00e9nsk\u00e9 slepice. U maransek a t\u0159eba tak\u00e9 u dolnor\u00fdnsk\u00fdch slepic st\u0159\u00edbrn\u011b b\u0159\u00edzov\u00fdch je tato tmav\u00e1 pigmentace omezena na o\u010dn\u00ed v\u00ed\u010dka. Variace b\u0159\u00edzov\u00e9 jsou ovlivn\u011bny r\u016fzn\u00fdmi dal\u0161\u00edmi geny a proto se vyskytuj\u00ed maransky s \u010dist\u011b \u010dern\u00fdmi prsy, s lehk\u00fdmi lemy na prsou, \u010di s m\u011bd\u011bn\u00fdmi skvrnami&nbsp; nebo dokonce s p\u0159evl\u00e1daj\u00edc\u00ed m\u011bd\u011bnou na v\u011bt\u0161\u00ed plo\u0161e prsou. Tyto odli\u0161nosti je t\u0159eba ch\u00e1pat jako podkategorie&nbsp;E<\/span><sup style=\"text-align: left;\">R&nbsp;<\/sup><span style=\"text-align: left;\">faktoru &#8211; faktoru pro b\u0159\u00edzovou kresbu. Chceme-li u maransek \u010dist\u011b \u010dern\u00e1 prsa,&nbsp;je t\u0159eba prosazovat n\u00e1zev &#8222;\u010dern\u00e1 m\u011bd\u011bn\u011bkrk\u00e1&#8220;. Potom budeme snadno moci u\u017e\u00edvat tak\u00e9 modr\u00e1 m\u011bd\u011bn\u011bkrk\u00e1 a stejn\u011b tak \u010dern\u00e1 a modr\u00e1 st\u0159\u00edbrokrk\u00e1. Vysv\u011btlen\u00ed je na snad\u011b: Ve vzorn\u00edku na stran\u011b 140 \u2013 141 je p\u0159ehled a genetick\u00fd vzorec ke ka\u017ed\u00e9mu r\u00e1zu, kter\u00fdch se to t\u00fdk\u00e1. V p\u0159\u00edpad\u011b &#8230;krk\u00fdch se pova\u017euje za z\u00e1kladn\u00ed r\u00e1z u slepic obecn\u011b \u010dern\u00fd zlatokrk\u00fd, kter\u00fd je podrobn\u011b pops\u00e1n, ostatn\u00ed jsou u\u017e jen jeho mutace.<\/span><\/p>\n<p style=\"text-align: center;\"><span style=\"text-align: left;\">Kdy\u017e p\u016fjdeme po str\u00e1nce dol\u016f, vid\u00edme \u010dern\u00e9 st\u0159\u00edbrokrk\u00e9, \u010dern\u00e9 oran\u017eovokrk\u00e9, \u010dern\u00e9&nbsp;<\/span><u style=\"text-align: left;\">\u010dervenokrk\u00e9<\/u><span style=\"text-align: left;\">. U t\u011bch se chv\u00edli zastav\u00edme. \u010cern\u00e9 \u010dervenokrk\u00e9 nejbl\u00ed\u017ee odpov\u00eddaj\u00ed maransk\u00e1m, ale! P\u0159i pohl\u00e9dnut\u00ed vedle na str. 141 do r\u00e1z\u016f &#8230;.prs\u00fdch na stejnou mutaci tedy na \u010dern\u00e9 \u010dervenoprs\u00e9, vid\u00edm odli\u0161nost ve vzorci,&nbsp;kdy &nbsp;u \u010dervenokrk\u00fdch je gen. vzorec: CC&nbsp;E<\/span><sup style=\"text-align: left;\">R<\/sup><span style=\"text-align: left;\">E<\/span><sup style=\"text-align: left;\">R<\/sup><span style=\"text-align: left;\">&nbsp;ss(s-) MhMh&nbsp; a u \u010dervenoprs\u00fdch je gen. vzorec: CC&nbsp;E<\/span><sup style=\"text-align: left;\">R<\/sup><span style=\"text-align: left;\">E<\/span><sup style=\"text-align: left;\">R<\/sup><span style=\"text-align: left;\">&nbsp;ss(s-) LgLg MhMh<\/span><\/p>\n<p style=\"text-align: center;\"><span style=\"text-align: left;\">Kdy\u017e si to rozep\u00ed\u0161eme na jednotliv\u00e9 geny, co kter\u00fd \u201ed\u011bl\u00e1\u201c,&nbsp; tak gen \u201eC\u201c je odpov\u011bdn\u00fd za jak\u00fdkoliv pigment krom\u011b b\u00edl\u00e9 barvy, \u201eE<\/span><sup style=\"text-align: left;\">R<\/sup><span style=\"text-align: left;\">\u201c je odpov\u011bdn\u00fd za melanismus tedy \u010dernou s b\u0159\u00edzov\u00fdm faktorem (v p\u0159\u00edpad\u011b m\u00ed\u0161enc\u016f s modr\u00fdmi je tam je\u0161t\u011b alela bl mo\u017en\u00e1 i z\u00e1stupn\u00e1 za&nbsp;E<\/span><sup style=\"text-align: left;\">R<\/sup><span style=\"text-align: left;\">) a d\u00e1le gen mal\u00e9 \u201es\u201c odpov\u011bdn\u00fd za zlat\u00fd faktor (vazba na pohlav\u00ed &#8211; proto v z\u00e1vorce poml\u010dka pro sami\u010d\u00ed genotyp) a geny \u201eMh\u201c, kter\u00fd je odpov\u011bdn\u00fd za mahagonovou (&#8222;\u010derven\u00e1 rodajlen\u010d\u00ed&#8220;) a \u201eLg\u201c odpov\u011bdn\u00fd za lemy na prsou u &#8230;prs\u00fdch. Z velikosti p\u00edsmen vid\u00edme, \u017ee vloha pro mahagonovou \u201eMh\u201c je dominantn\u00ed, vloha pro lemy na prsou \u201eLg\u201c je tak\u00e9 dominantn\u00ed tud\u00ed\u017e se&nbsp;<\/span><u style=\"text-align: left;\">snadno prosazuje v\u016f\u010di \u010dist\u011b \u010dern\u00fdm prs\u016fm<\/u><span style=\"text-align: left;\">.<\/span><\/p>\n<p style=\"text-align: center;\"><span style=\"text-align: left;\">&nbsp; &nbsp; &nbsp; &nbsp; &nbsp; &nbsp; &nbsp; &nbsp;Alela &#8222;s&#8220; odpov\u011bdn\u00e1 za zlat\u00fd faktor je reces\u00edvn\u00ed, a je z\u00e1rove\u0148 p\u016fvodn\u00ed divokou. U kohouta je na dvou pohlavn\u00edch chromozomech , u slepice jen na jednom (proto poml\u010dka jako nep\u00e1rov\u00fd pohlavn\u00ed chromosom).&nbsp;Kdy\u017e se pod\u00edv\u00e1me o \u0159\u00e1dku n\u00ed\u017ee na stran\u011b 141, je tam kone\u010dn\u011b r\u00e1z \u010dern\u00fd&nbsp;<\/span><u style=\"text-align: left;\">m\u011bd\u011bn\u011bprs\u00fd<\/u><span style=\"text-align: left;\">. V \u010dem se li\u0161\u00ed od t\u011bch dvou v\u00fd\u0161e zmi\u0148ovan\u00fdch? \u010dervenokrk\u00e1 m\u00e1 gen. vzorec: CC&nbsp;E<\/span><sup style=\"text-align: left;\">R<\/sup><span style=\"text-align: left;\">E<\/span><sup style=\"text-align: left;\">R<\/sup><span style=\"text-align: left;\">&nbsp;ss(s-) MhMh, \u010dervenoprs\u00e1 m\u00e1 gen. vzorec: CC&nbsp;E<\/span><sup style=\"text-align: left;\">R<\/sup><span style=\"text-align: left;\">E<\/span><sup style=\"text-align: left;\">R<\/sup><span style=\"text-align: left;\">&nbsp;ss(s-) LgLg MhMh, m\u011bd\u011bn\u011bprs\u00e1 m\u00e1 gen. vzorec: CC&nbsp;E<\/span><sup style=\"text-align: left;\">R<\/sup><span style=\"text-align: left;\">E<\/span><sup style=\"text-align: left;\">R<\/sup><span style=\"text-align: left;\">&nbsp;ss(s-) LgLg MhMh igig<\/span><\/p>\n<p style=\"text-align: center;\"><span style=\"text-align: left;\">&nbsp; &nbsp; &nbsp; &nbsp; &nbsp; &nbsp; &nbsp; &nbsp; &nbsp;Ze vzorce je patrn\u00e9, \u017ee m\u011bd\u011bn\u011bprs\u00fd r\u00e1z je shodn\u00fd s&nbsp;\u010dervenoprs\u00fdm r\u00e1zem, ale je tam nav\u00edc reces\u00edvn\u00ed gen ig, kter\u00fd je zodpov\u011bdn\u00fd za zesv\u011btlen\u00ed t\u00e9 tmav\u011b \u010derven\u00e9 barvy (Mh).&nbsp;&nbsp;Nicm\u00e9n\u011b, p\u0159ikl\u00e1n\u011bl bych se o prosazen\u00ed r\u00e1zu v t\u011bchto tabulk\u00e1ch dosud neuveden\u00e9m na stran\u011b 140 a sice \u010dern\u00e1 m\u011bd\u011bn\u011bkrk\u00e1 se vzorcem CC&nbsp;E<\/span><sup style=\"text-align: left;\">R<\/sup><span style=\"text-align: left;\">E<\/span><sup style=\"text-align: left;\">R<\/sup><span style=\"text-align: left;\">&nbsp;ss(s-) MhMh igig, tak bych aspo\u0148 podle zji\u0161t\u011bn\u00e9ho vid\u011bl tyto slepice jako bez lem\u016f na prsou. Postr\u00e1daly by vlohy Lg. Pokud bychom tedy zavrhli \u2026prsou kresbu&nbsp; , a m\u00edsto n\u00ed zavedli kresbu\u2026krkou, tak by v jednom z posledn\u00edch katalog\u016f v\u00fdstavy N\u00e1\u0161 Chovatel v Lys\u00e9 n. L. &nbsp;m\u011blo st\u00e1t: \u010dern\u00e1 m\u011bd\u011bn\u011bkrk\u00e1, modr\u00e1 m\u011bd\u011bn\u011bkrk\u00e1, \u010dern\u00e1 st\u0159\u00edbrokrk\u00e1 a je to v\u00fdznamov\u011b v&nbsp;lati.<\/span><\/p>\n<p style=\"text-align: center;\"><span style=\"text-align: left;\">&nbsp; &nbsp; &nbsp; &nbsp; &nbsp; &nbsp; &nbsp; &nbsp;Tak to je pro za\u010d\u00e1tek k t\u00e9 nejroz\u0161\u00ed\u0159en\u011bj\u0161\u00ed barv\u011b a kresb\u011b maransek.&nbsp; &nbsp; &nbsp; &nbsp; &nbsp; &nbsp;&nbsp;<\/span><\/p>\n<div style=\"text-align: left; padding-left: 30px;\">\n<p style=\"text-align: center;\"><a href=\"https:\/\/www.maransky.cz\/?attachment_id=946\" rel=\"attachment wp-att-946\"><img loading=\"lazy\" decoding=\"async\" class=\"alignleft size-thumbnail wp-image-946\" src=\"https:\/\/www.maransky.cz\/wp-content\/uploads\/2013\/07\/17431824_1354151217956829_1696738051_o-e1490083128422-150x150.jpg\" alt=\"\" width=\"150\" height=\"150\"\/><\/a><\/p>\n<p style=\"text-align: center;\">&nbsp; &nbsp; &nbsp; &nbsp; &nbsp; &nbsp; &nbsp; &nbsp; &nbsp;Ale m\u011bla by se p\u0159edev\u0161\u00edm a hlavn\u011b \u0159e\u0161it n\u00e1prava plemenn\u00e9ho r\u00e1mce a zp\u0159\u00edsnit to, co b\u00fdval\u00fd p\u0159edseda klubu jako funkcion\u00e1\u0159 prosadil. Toti\u017e benevolenci v posuzov\u00e1n\u00ed typu, kdy z obd\u00e9ln\u00edkov\u00e9ho r\u00e1mce, kter\u00fd jinak velmi p\u0159esn\u011b a jasn\u011b vymezuje zda\u0159il\u00e1 kresba ve vzorn\u00edku se stal b\u011bhem uplynul\u00e9 doby&nbsp;prakticky troj\u00faheln\u00edkovit\u00fd.&nbsp;Maranska m\u00e1 v p\u0159edc\u00edch mimojin\u00e9 faverolku a d\u00edky n\u00ed z\u00edskala n\u011bkter\u00e9 znaky (ope\u0159en\u00fd b\u011bh\u00e1k, hlub\u0161\u00ed obd\u00e9ln\u00edkov\u00fd, robustn\u00ed r\u00e1mec). Znamen\u00e1 to, \u017ee prvn\u00ed&nbsp;p\u0159ed barvou by se m\u011bl d\u00e1t do po\u0159\u00e1dku&nbsp;<\/p>\n<p><img loading=\"lazy\" decoding=\"async\" class=\"size-thumbnail wp-image-939 alignleft\" src=\"https:\/\/www.maransky.cz\/wp-content\/uploads\/2013\/07\/17392705_1353687224669895_235008160_new-150x150.jpg\" alt=\"\" width=\"150\" height=\"150\"\/><\/p>\n<p style=\"text-align: center;\">typ maransek, d\u00e1le odstranit esovit\u00e9 p\u0159erostl\u00e9 h\u0159ebeny se zubat\u00fdmi a zvln\u011bn\u00fdmi praporky a s nepravideln\u00fdmi zuby v h\u0159ebeni. D\u00e1le sn\u00ed\u017eit \u00fahel nasazen\u00ed ocasu a jeho zmen\u0161en\u00ed. Setk\u00e1v\u00e1me se s kolm\u00fdmi a\u017e veve\u0159\u00edmi ocasy s dlouh\u00fdmi r\u00fddov\u00e1ky. A p\u0159edev\u0161\u00edm prohloubit hru\u010f, aby z toho zase byla dvoju\u017eitkov\u00e1 obd\u00e9ln\u00edkov\u00e1 slepice a aby i kohouti m\u011bli zaoblen\u00e1 prsa. Pln\u00e9 vole to ob\u010das zkresluje, je t\u0159eba hodnotit zv\u00ed\u0159ata p\u0159\u00edli\u0161 nenakrmen\u00e1. Nohy, respektive patn\u00ed klouby a holen\u011b by nem\u011bly vystupovat z obrysu spodiny t\u011bla. Nen\u00ed to Croad Lang\u0161anka, n\u00fdbr\u017e francouzsk\u00e1 kombinovan\u00e1 slepice, kter\u00e1 m\u00e1 svalovinu tvo\u0159enou kr\u00e1tk\u00fdm a \u0161\u0165avnat\u00fdm vl\u00e1knem. A nen\u00ed to z\u00e1rove\u0148 ani polot\u011b\u017ek\u00fd velkov\u00fdrobn\u00ed typ hybridn\u00ed nosnice z ope\u0159en\u00fdmi b\u011bh\u00e1ky, zkr\u00e1tka \u017e\u00e1dn\u00fd dvojn\u00edk \u010dern\u00e9 Mor\u00e1vie.&nbsp;Francouzi &#8211; rozen\u00ed labu\u017en\u00edci si potrp\u00ed na klenut\u00e1 prsa, a trup a z\u00e1da v\u00edcem\u00e9n\u011b dozadu se nezu\u017euj\u00edc\u00ed. To v\u0161e p\u0159i zachov\u00e1n\u00ed slu\u0161n\u00e9 sn\u00e1\u0161ky velk\u00fdch tmavohn\u011bd\u00fdch a\u017e ka\u0161tanov\u011b na\u010dervenal\u00fdch vajec.<\/p>\n<p style=\"text-align: right;\">Juraj Kafka<\/p>\n<\/div>\n<div>&nbsp;<\/div>\n<div>&nbsp;<\/div>\n","protected":false},"excerpt":{"rendered":"<p>!!! 22.2.2026 WWW str\u00e1nky aktu\u00e1ln\u011b upravujeme, postupn\u011b budeme p\u0159id\u00e1vat dal\u0161\u00ed informace. !!! D\u011bkujeme za pochopen\u00ed. V\u00edt\u00e1me V\u00e1s na ofici\u00e1ln\u00edch str\u00e1nk\u00e1ch Klubu chovatel\u016f Maransek.&nbsp; Maransky \u2013 MR&nbsp;&nbsp;&nbsp;&nbsp;&nbsp;&nbsp;&nbsp;&nbsp;&nbsp;&nbsp;&nbsp;&nbsp;&nbsp;&nbsp;&nbsp;&nbsp;&nbsp;&nbsp;&nbsp;&nbsp;&nbsp;&nbsp;&nbsp;&nbsp;&nbsp;&nbsp;&nbsp;&nbsp;&nbsp;&nbsp;&nbsp;&nbsp;&nbsp;&nbsp;&nbsp;&nbsp;&nbsp;&nbsp;&nbsp;&nbsp;&nbsp;&nbsp;&nbsp;&nbsp;&nbsp;&nbsp;&nbsp;&nbsp;&nbsp;&nbsp;&nbsp;&nbsp;&nbsp;&nbsp;&nbsp;&nbsp; Skupina: D2 S \u2013 Maransky, N \u2013 Marans, F \u2013 Marans, A \u2013 Marans &hellip; <a href=\"https:\/\/www.maransky.cz\/\">Cel\u00fd p\u0159\u00edsp\u011bvek <span class=\"meta-nav\">&rarr;<\/span><\/a><\/p>\n","protected":false},"author":1,"featured_media":0,"parent":0,"menu_order":0,"comment_status":"closed","ping_status":"closed","template":"sidebar-page.php","meta":{"ngg_post_thumbnail":0,"footnotes":""},"class_list":["post-74","page","type-page","status-publish","hentry"],"_links":{"self":[{"href":"https:\/\/www.maransky.cz\/index.php?rest_route=\/wp\/v2\/pages\/74","targetHints":{"allow":["GET"]}}],"collection":[{"href":"https:\/\/www.maransky.cz\/index.php?rest_route=\/wp\/v2\/pages"}],"about":[{"href":"https:\/\/www.maransky.cz\/index.php?rest_route=\/wp\/v2\/types\/page"}],"author":[{"embeddable":true,"href":"https:\/\/www.maransky.cz\/index.php?rest_route=\/wp\/v2\/users\/1"}],"replies":[{"embeddable":true,"href":"https:\/\/www.maransky.cz\/index.php?rest_route=%2Fwp%2Fv2%2Fcomments&post=74"}],"version-history":[{"count":111,"href":"https:\/\/www.maransky.cz\/index.php?rest_route=\/wp\/v2\/pages\/74\/revisions"}],"predecessor-version":[{"id":2521,"href":"https:\/\/www.maransky.cz\/index.php?rest_route=\/wp\/v2\/pages\/74\/revisions\/2521"}],"wp:attachment":[{"href":"https:\/\/www.maransky.cz\/index.php?rest_route=%2Fwp%2Fv2%2Fmedia&parent=74"}],"curies":[{"name":"wp","href":"https:\/\/api.w.org\/{rel}","templated":true}]}}